{"id":3888,"date":"2025-03-19T12:51:00","date_gmt":"2025-03-19T12:51:00","guid":{"rendered":"https:\/\/www.nauticalfiction.net\/de\/?page_id=3888"},"modified":"2025-04-28T17:31:47","modified_gmt":"2025-04-28T17:31:47","slug":"murmeli-comics","status":"publish","type":"page","link":"http:\/\/werft.nauticalfiction.net\/de\/comics\/murmeli-comics\/","title":{"rendered":"Murmeli Comics"},"content":{"rendered":"\n<h4 class=\"wp-block-heading\">Murmeli Comics<\/h4>\n\n\n<style>.wp-block-kadence-spacer.kt-block-spacer-3888_769b19-cb .kt-block-spacer{height:30px;}.wp-block-kadence-spacer.kt-block-spacer-3888_769b19-cb .kt-divider{border-top-width:1px;height:1px;border-top-color:#eee;width:80%;border-top-style:solid;}<\/style>\n<div class=\"wp-block-kadence-spacer aligncenter kt-block-spacer-3888_769b19-cb\"><div class=\"kt-block-spacer kt-block-spacer-halign-center\"><hr class=\"kt-divider\"\/><\/div><\/div>\n\n\n\n<div id=\"wp-block-themeisle-blocks-advanced-columns-6a735420\" class=\"wp-block-themeisle-blocks-advanced-columns has-1-columns has-desktop-equal-layout has-tablet-equal-layout has-mobile-equal-layout has-vertical-unset\"><div class=\"wp-block-themeisle-blocks-advanced-columns-overlay\"><\/div><div class=\"innerblocks-wrap\">\n<div id=\"wp-block-themeisle-blocks-advanced-column-6d1c4365\" class=\"wp-block-themeisle-blocks-advanced-column\"><\/div>\n<\/div><\/div>\n\n\n<style>.kadence-column3888_6f1c9f-8b > .kt-inside-inner-col,.kadence-column3888_6f1c9f-8b > .kt-inside-inner-col:before{border-top-left-radius:0px;border-top-right-radius:0px;border-bottom-right-radius:0px;border-bottom-left-radius:0px;}.kadence-column3888_6f1c9f-8b > .kt-inside-inner-col{column-gap:var(--global-kb-gap-sm, 1rem);}.kadence-column3888_6f1c9f-8b > .kt-inside-inner-col{flex-direction:column;}.kadence-column3888_6f1c9f-8b > .kt-inside-inner-col > .aligncenter{width:100%;}.kadence-column3888_6f1c9f-8b > .kt-inside-inner-col:before{opacity:0.3;}.kadence-column3888_6f1c9f-8b{position:relative;}@media all and (max-width: 1024px){.kadence-column3888_6f1c9f-8b > .kt-inside-inner-col{flex-direction:column;justify-content:center;}}@media all and (max-width: 767px){.kadence-column3888_6f1c9f-8b > .kt-inside-inner-col{flex-direction:column;justify-content:center;}}<\/style>\n<div class=\"wp-block-kadence-column kadence-column3888_6f1c9f-8b\"><div class=\"kt-inside-inner-col\">\n<p>Endlich gibt es eine Liste der Murmeli Strips. Noch nicht ganz vollst\u00e4ndig und f\u00fcr den Link zu myComics m\u00fc\u00dft Ihr noch in den Beitrag klicken. Aber ich hoffe, in den kommen Wochen, sp\u00e4testens aber mit den n\u00e4chsten Posts zu beheben.<\/p>\n<\/div><\/div>\n\n\n<style>.wp-block-kadence-spacer.kt-block-spacer-3888_695846-c2 .kt-block-spacer{height:30px;}.wp-block-kadence-spacer.kt-block-spacer-3888_695846-c2 .kt-divider{border-top-width:1px;height:1px;border-top-color:#eee;width:80%;border-top-style:solid;}<\/style>\n<div class=\"wp-block-kadence-spacer aligncenter kt-block-spacer-3888_695846-c2\"><div class=\"kt-block-spacer kt-block-spacer-halign-center\"><hr class=\"kt-divider\"\/><\/div><\/div>\n\n\n<style>.kadence-column3888_40550c-5b > .kt-inside-inner-col,.kadence-column3888_40550c-5b > .kt-inside-inner-col:before{border-top-left-radius:0px;border-top-right-radius:0px;border-bottom-right-radius:0px;border-bottom-left-radius:0px;}.kadence-column3888_40550c-5b > .kt-inside-inner-col{column-gap:var(--global-kb-gap-sm, 1rem);}.kadence-column3888_40550c-5b > .kt-inside-inner-col{flex-direction:column;}.kadence-column3888_40550c-5b > .kt-inside-inner-col > .aligncenter{width:100%;}.kadence-column3888_40550c-5b > .kt-inside-inner-col:before{opacity:0.3;}.kadence-column3888_40550c-5b{position:relative;}@media all and (max-width: 1024px){.kadence-column3888_40550c-5b > .kt-inside-inner-col{flex-direction:column;justify-content:center;}}@media all and (max-width: 767px){.kadence-column3888_40550c-5b > .kt-inside-inner-col{flex-direction:column;justify-content:center;}}<\/style>\n<div class=\"wp-block-kadence-column kadence-column3888_40550c-5b\"><div class=\"kt-inside-inner-col\">\n<p><\/p>\n<\/div><\/div>\n\n\n<style>.wp-block-kadence-spacer.kt-block-spacer-3888_48babf-4d .kt-block-spacer{height:30px;}.wp-block-kadence-spacer.kt-block-spacer-3888_48babf-4d .kt-divider{border-top-width:1px;height:1px;border-top-color:#eee;width:80%;border-top-style:solid;}<\/style>\n<div class=\"wp-block-kadence-spacer aligncenter kt-block-spacer-3888_48babf-4d\"><div class=\"kt-block-spacer kt-block-spacer-halign-center\"><hr class=\"kt-divider\"\/><\/div><\/div>\n\n\n<ul class=\"wp-block-latest-posts__list is-grid columns-3 wp-block-latest-posts\"><li><div class=\"wp-block-latest-posts__featured-image\"><img loading=\"lazy\" decoding=\"async\" width=\"150\" height=\"150\" src=\"http:\/\/werft.nauticalfiction.net\/wp-content\/uploads\/2025\/07\/Motti-06-Teaser-FR-150x150.jpg\" class=\"attachment-thumbnail size-thumbnail wp-post-image\" alt=\"\" style=\"\" srcset=\"http:\/\/werft.nauticalfiction.net\/wp-content\/uploads\/2025\/07\/Motti-06-Teaser-FR-150x150.jpg 150w, http:\/\/werft.nauticalfiction.net\/wp-content\/uploads\/2025\/07\/Motti-06-Teaser-FR-60x60.jpg 60w\" sizes=\"auto, (max-width: 150px) 100vw, 150px\" \/><\/div><a class=\"wp-block-latest-posts__post-title\" href=\"http:\/\/werft.nauticalfiction.net\/de\/mottis-dracula\/\">Dracula &#8211; Version Motti<\/a><\/li>\n<li><div class=\"wp-block-latest-posts__featured-image\"><img loading=\"lazy\" decoding=\"async\" width=\"150\" height=\"150\" src=\"http:\/\/werft.nauticalfiction.net\/wp-content\/uploads\/2025\/07\/Motti-06-Teaser-EN-150x150.jpg\" class=\"attachment-thumbnail size-thumbnail wp-post-image\" alt=\"\" style=\"\" srcset=\"http:\/\/werft.nauticalfiction.net\/wp-content\/uploads\/2025\/07\/Motti-06-Teaser-EN-150x150.jpg 150w, http:\/\/werft.nauticalfiction.net\/wp-content\/uploads\/2025\/07\/Motti-06-Teaser-EN-60x60.jpg 60w\" sizes=\"auto, (max-width: 150px) 100vw, 150px\" \/><\/div><a class=\"wp-block-latest-posts__post-title\" href=\"http:\/\/werft.nauticalfiction.net\/de\/murmelis-dracula\/\">Mottis Dracula<\/a><\/li>\n<li><div class=\"wp-block-latest-posts__featured-image\"><img loading=\"lazy\" decoding=\"async\" width=\"150\" height=\"150\" src=\"http:\/\/werft.nauticalfiction.net\/wp-content\/uploads\/2025\/07\/Murmeli-06-Teaser-DE-150x150.jpg\" class=\"attachment-thumbnail size-thumbnail wp-post-image\" alt=\"\" style=\"\" srcset=\"http:\/\/werft.nauticalfiction.net\/wp-content\/uploads\/2025\/07\/Murmeli-06-Teaser-DE-150x150.jpg 150w, http:\/\/werft.nauticalfiction.net\/wp-content\/uploads\/2025\/07\/Murmeli-06-Teaser-DE-60x60.jpg 60w\" sizes=\"auto, (max-width: 150px) 100vw, 150px\" \/><\/div><a class=\"wp-block-latest-posts__post-title\" href=\"http:\/\/werft.nauticalfiction.net\/de\/motti-la-fourrure-epaisse-de-motti-3\/\">Murmelis Dracula<\/a><\/li>\n<li><div class=\"wp-block-latest-posts__featured-image\"><img loading=\"lazy\" decoding=\"async\" width=\"150\" height=\"150\" src=\"http:\/\/werft.nauticalfiction.net\/wp-content\/uploads\/2024\/09\/Motti-05-FOURRURE-Teaser-FR-150x150.jpg\" class=\"attachment-thumbnail size-thumbnail wp-post-image\" alt=\"\" style=\"\" srcset=\"http:\/\/werft.nauticalfiction.net\/wp-content\/uploads\/2024\/09\/Motti-05-FOURRURE-Teaser-FR-150x150.jpg 150w, http:\/\/werft.nauticalfiction.net\/wp-content\/uploads\/2024\/09\/Motti-05-FOURRURE-Teaser-FR-60x60.jpg 60w\" sizes=\"auto, (max-width: 150px) 100vw, 150px\" \/><\/div><a class=\"wp-block-latest-posts__post-title\" href=\"http:\/\/werft.nauticalfiction.net\/de\/motti\/\">Motti &#8211; la Fourrure \u00e9paisse de Motti<\/a><\/li>\n<li><div class=\"wp-block-latest-posts__featured-image\"><img loading=\"lazy\" decoding=\"async\" width=\"150\" height=\"150\" src=\"http:\/\/werft.nauticalfiction.net\/wp-content\/uploads\/2024\/09\/Motti-05-Fur-Teaser-EN-150x150.jpg\" class=\"attachment-thumbnail size-thumbnail wp-post-image\" alt=\"\" style=\"\" srcset=\"http:\/\/werft.nauticalfiction.net\/wp-content\/uploads\/2024\/09\/Motti-05-Fur-Teaser-EN-150x150.jpg 150w, http:\/\/werft.nauticalfiction.net\/wp-content\/uploads\/2024\/09\/Motti-05-Fur-Teaser-EN-60x60.jpg 60w\" sizes=\"auto, (max-width: 150px) 100vw, 150px\" \/><\/div><a class=\"wp-block-latest-posts__post-title\" href=\"http:\/\/werft.nauticalfiction.net\/de\/murmeli-alles-nur-fell\/\">Motti &#8211; Only Fur<\/a><\/li>\n<li><div class=\"wp-block-latest-posts__featured-image\"><img loading=\"lazy\" decoding=\"async\" width=\"150\" height=\"150\" src=\"http:\/\/werft.nauticalfiction.net\/wp-content\/uploads\/2024\/09\/Murmeli-05-Fell-Teaser-DE-150x150.jpg\" class=\"attachment-thumbnail size-thumbnail wp-post-image\" alt=\"\" style=\"\" srcset=\"http:\/\/werft.nauticalfiction.net\/wp-content\/uploads\/2024\/09\/Murmeli-05-Fell-Teaser-DE-150x150.jpg 150w, http:\/\/werft.nauticalfiction.net\/wp-content\/uploads\/2024\/09\/Murmeli-05-Fell-Teaser-DE-60x60.jpg 60w\" sizes=\"auto, (max-width: 150px) 100vw, 150px\" \/><\/div><a class=\"wp-block-latest-posts__post-title\" href=\"http:\/\/werft.nauticalfiction.net\/de\/motti-la-fourrure-epaisse-de-motti\/\">Murmeli &#8211; Alles nur Fell<\/a><\/li>\n<li><div class=\"wp-block-latest-posts__featured-image\"><img loading=\"lazy\" decoding=\"async\" width=\"150\" height=\"150\" src=\"http:\/\/werft.nauticalfiction.net\/wp-content\/uploads\/2024\/08\/Motti-Location-Teaser-FR-Kopie-150x150.jpg\" class=\"attachment-thumbnail size-thumbnail wp-post-image\" alt=\"\" style=\"\" srcset=\"http:\/\/werft.nauticalfiction.net\/wp-content\/uploads\/2024\/08\/Motti-Location-Teaser-FR-Kopie-150x150.jpg 150w, http:\/\/werft.nauticalfiction.net\/wp-content\/uploads\/2024\/08\/Motti-Location-Teaser-FR-Kopie-60x60.jpg 60w\" sizes=\"auto, (max-width: 150px) 100vw, 150px\" \/><\/div><a class=\"wp-block-latest-posts__post-title\" href=\"http:\/\/werft.nauticalfiction.net\/de\/motti-a-la-chasse-aux-mouches\/\">Motti &#8211; La Location de Voitures<\/a><\/li>\n<li><div class=\"wp-block-latest-posts__featured-image\"><img loading=\"lazy\" decoding=\"async\" width=\"150\" height=\"150\" src=\"http:\/\/werft.nauticalfiction.net\/wp-content\/uploads\/2024\/08\/Mottis-Car-Rental-TeaserEN-150x150.jpg\" class=\"attachment-thumbnail size-thumbnail wp-post-image\" alt=\"\" style=\"\" srcset=\"http:\/\/werft.nauticalfiction.net\/wp-content\/uploads\/2024\/08\/Mottis-Car-Rental-TeaserEN-150x150.jpg 150w, http:\/\/werft.nauticalfiction.net\/wp-content\/uploads\/2024\/08\/Mottis-Car-Rental-TeaserEN-60x60.jpg 60w\" sizes=\"auto, (max-width: 150px) 100vw, 150px\" \/><\/div><a class=\"wp-block-latest-posts__post-title\" href=\"http:\/\/werft.nauticalfiction.net\/de\/motti-is-catching-flies\/\">Motti &#8211; Motti&#8217;s car rental<\/a><\/li>\n<li><div class=\"wp-block-latest-posts__featured-image\"><img loading=\"lazy\" decoding=\"async\" width=\"150\" height=\"150\" src=\"http:\/\/werft.nauticalfiction.net\/wp-content\/uploads\/2024\/07\/Murmelis-Autoverleih-Teaser-DE-150x150.jpg\" class=\"attachment-thumbnail size-thumbnail wp-post-image\" alt=\"\" style=\"\" srcset=\"http:\/\/werft.nauticalfiction.net\/wp-content\/uploads\/2024\/07\/Murmelis-Autoverleih-Teaser-DE-150x150.jpg 150w, http:\/\/werft.nauticalfiction.net\/wp-content\/uploads\/2024\/07\/Murmelis-Autoverleih-Teaser-DE-60x60.jpg 60w\" sizes=\"auto, (max-width: 150px) 100vw, 150px\" \/><\/div><a class=\"wp-block-latest-posts__post-title\" href=\"http:\/\/werft.nauticalfiction.net\/de\/murmeli-fliegenjagd\/\">Murmeli &#8211; Murmelis Autoverleih<\/a><\/li>\n<li><div class=\"wp-block-latest-posts__featured-image\"><img loading=\"lazy\" decoding=\"async\" width=\"150\" height=\"150\" src=\"http:\/\/werft.nauticalfiction.net\/wp-content\/uploads\/2024\/06\/Motti-a-la-chasse-aux-mouches-Teaser-FR-Kopie-150x150.jpg\" class=\"attachment-thumbnail size-thumbnail wp-post-image\" alt=\"\" style=\"\" srcset=\"http:\/\/werft.nauticalfiction.net\/wp-content\/uploads\/2024\/06\/Motti-a-la-chasse-aux-mouches-Teaser-FR-Kopie-150x150.jpg 150w, http:\/\/werft.nauticalfiction.net\/wp-content\/uploads\/2024\/06\/Motti-a-la-chasse-aux-mouches-Teaser-FR-Kopie-60x60.jpg 60w\" sizes=\"auto, (max-width: 150px) 100vw, 150px\" \/><\/div><a class=\"wp-block-latest-posts__post-title\" href=\"http:\/\/werft.nauticalfiction.net\/de\/motti-raiponce-version-motti\/\">Motti &#8211; \u00e0 la chasse aux mouches<\/a><\/li>\n<li><div class=\"wp-block-latest-posts__featured-image\"><img loading=\"lazy\" decoding=\"async\" width=\"150\" height=\"150\" src=\"http:\/\/werft.nauticalfiction.net\/wp-content\/uploads\/2024\/05\/Murmeli-Fliegenjagd-Teaser-DE-BB-Size-150x150.jpg\" class=\"attachment-thumbnail size-thumbnail wp-post-image\" alt=\"\" style=\"\" srcset=\"http:\/\/werft.nauticalfiction.net\/wp-content\/uploads\/2024\/05\/Murmeli-Fliegenjagd-Teaser-DE-BB-Size-150x150.jpg 150w, http:\/\/werft.nauticalfiction.net\/wp-content\/uploads\/2024\/05\/Murmeli-Fliegenjagd-Teaser-DE-BB-Size-60x60.jpg 60w\" sizes=\"auto, (max-width: 150px) 100vw, 150px\" \/><\/div><a class=\"wp-block-latest-posts__post-title\" href=\"http:\/\/werft.nauticalfiction.net\/de\/murmeli-murmelis-rapunzel\/\">Murmeli &#8211; Fliegenjagd<\/a><\/li>\n<li><div class=\"wp-block-latest-posts__featured-image\"><img loading=\"lazy\" decoding=\"async\" width=\"150\" height=\"150\" src=\"http:\/\/werft.nauticalfiction.net\/wp-content\/uploads\/2024\/03\/Motti-Vignette-Raiponce-FR-150x150.jpg\" class=\"attachment-thumbnail size-thumbnail wp-post-image\" alt=\"\" style=\"\" srcset=\"http:\/\/werft.nauticalfiction.net\/wp-content\/uploads\/2024\/03\/Motti-Vignette-Raiponce-FR-150x150.jpg 150w, http:\/\/werft.nauticalfiction.net\/wp-content\/uploads\/2024\/03\/Motti-Vignette-Raiponce-FR-60x60.jpg 60w\" sizes=\"auto, (max-width: 150px) 100vw, 150px\" \/><\/div><a class=\"wp-block-latest-posts__post-title\" href=\"http:\/\/werft.nauticalfiction.net\/de\/motti-premier-contact\/\">Motti &#8211; Raiponce &#8230; Version Motti<\/a><\/li>\n<li><div class=\"wp-block-latest-posts__featured-image\"><img loading=\"lazy\" decoding=\"async\" width=\"150\" height=\"150\" src=\"http:\/\/werft.nauticalfiction.net\/wp-content\/uploads\/2024\/05\/Motti-is-catching-Flies-Teaser-EN-150x150.jpg\" class=\"attachment-thumbnail size-thumbnail wp-post-image\" alt=\"\" style=\"\" srcset=\"http:\/\/werft.nauticalfiction.net\/wp-content\/uploads\/2024\/05\/Motti-is-catching-Flies-Teaser-EN-150x150.jpg 150w, http:\/\/werft.nauticalfiction.net\/wp-content\/uploads\/2024\/05\/Motti-is-catching-Flies-Teaser-EN-60x60.jpg 60w\" sizes=\"auto, (max-width: 150px) 100vw, 150px\" \/><\/div><a class=\"wp-block-latest-posts__post-title\" href=\"http:\/\/werft.nauticalfiction.net\/de\/motti-mottis-rapunzel\/\">Motti &#8211; is catching flies<\/a><\/li>\n<li><div class=\"wp-block-latest-posts__featured-image\"><img loading=\"lazy\" decoding=\"async\" width=\"150\" height=\"150\" src=\"http:\/\/werft.nauticalfiction.net\/wp-content\/uploads\/2024\/03\/Motti-Vignette-Rapunzel-EN-150x150.jpeg\" class=\"attachment-thumbnail size-thumbnail wp-post-image\" alt=\"\" style=\"\" srcset=\"http:\/\/werft.nauticalfiction.net\/wp-content\/uploads\/2024\/03\/Motti-Vignette-Rapunzel-EN-150x150.jpeg 150w, http:\/\/werft.nauticalfiction.net\/wp-content\/uploads\/2024\/03\/Motti-Vignette-Rapunzel-EN-60x60.jpeg 60w\" sizes=\"auto, (max-width: 150px) 100vw, 150px\" \/><\/div><a class=\"wp-block-latest-posts__post-title\" href=\"http:\/\/werft.nauticalfiction.net\/de\/motti-first-contact\/\">Motti &#8211; Motti&#8217;s Rapunzel<\/a><\/li>\n<li><div class=\"wp-block-latest-posts__featured-image\"><img loading=\"lazy\" decoding=\"async\" width=\"150\" height=\"150\" src=\"http:\/\/werft.nauticalfiction.net\/wp-content\/uploads\/2024\/03\/Murmeli-Vignette-Rapunzel-DE-150x150.jpeg\" class=\"attachment-thumbnail size-thumbnail wp-post-image\" alt=\"\" style=\"\" srcset=\"http:\/\/werft.nauticalfiction.net\/wp-content\/uploads\/2024\/03\/Murmeli-Vignette-Rapunzel-DE-150x150.jpeg 150w, http:\/\/werft.nauticalfiction.net\/wp-content\/uploads\/2024\/03\/Murmeli-Vignette-Rapunzel-DE-60x60.jpeg 60w\" sizes=\"auto, (max-width: 150px) 100vw, 150px\" \/><\/div><a class=\"wp-block-latest-posts__post-title\" href=\"http:\/\/werft.nauticalfiction.net\/de\/murmeli-der-erste-kontakt\/\">Murmeli &#8211; Murmelis Rapunzel<\/a><\/li>\n<li><div class=\"wp-block-latest-posts__featured-image\"><img loading=\"lazy\" decoding=\"async\" width=\"150\" height=\"150\" src=\"http:\/\/werft.nauticalfiction.net\/wp-content\/uploads\/2024\/03\/Motti-Vignette-Premier-Contact-FR-150x150.jpeg\" class=\"attachment-thumbnail size-thumbnail wp-post-image\" alt=\"\" style=\"\" srcset=\"http:\/\/werft.nauticalfiction.net\/wp-content\/uploads\/2024\/03\/Motti-Vignette-Premier-Contact-FR-150x150.jpeg 150w, http:\/\/werft.nauticalfiction.net\/wp-content\/uploads\/2024\/03\/Motti-Vignette-Premier-Contact-FR-60x60.jpeg 60w\" sizes=\"auto, (max-width: 150px) 100vw, 150px\" \/><\/div><a class=\"wp-block-latest-posts__post-title\" href=\"http:\/\/werft.nauticalfiction.net\/de\/motti-la-fourrure-epaisse-de-motti-2\/\">Motti &#8211; Premier Contact<\/a><\/li>\n<li><div class=\"wp-block-latest-posts__featured-image\"><img loading=\"lazy\" decoding=\"async\" width=\"150\" height=\"150\" src=\"http:\/\/werft.nauticalfiction.net\/wp-content\/uploads\/2024\/09\/Motti-05-Fur-Teaser-EN-150x150.jpg\" class=\"attachment-thumbnail size-thumbnail wp-post-image\" alt=\"\" style=\"\" srcset=\"http:\/\/werft.nauticalfiction.net\/wp-content\/uploads\/2024\/09\/Motti-05-Fur-Teaser-EN-150x150.jpg 150w, http:\/\/werft.nauticalfiction.net\/wp-content\/uploads\/2024\/09\/Motti-05-Fur-Teaser-EN-60x60.jpg 60w\" sizes=\"auto, (max-width: 150px) 100vw, 150px\" \/><\/div><a class=\"wp-block-latest-posts__post-title\" href=\"http:\/\/werft.nauticalfiction.net\/de\/motti-only-fur\/\">Motti &#8211; First Contact<\/a><\/li>\n<li><div class=\"wp-block-latest-posts__featured-image\"><img loading=\"lazy\" decoding=\"async\" width=\"150\" height=\"150\" src=\"http:\/\/werft.nauticalfiction.net\/wp-content\/uploads\/2024\/03\/Murmeli-Vignette-der-erste-Kontakt-DE-150x150.jpg\" class=\"attachment-thumbnail size-thumbnail wp-post-image\" alt=\"\" style=\"\" srcset=\"http:\/\/werft.nauticalfiction.net\/wp-content\/uploads\/2024\/03\/Murmeli-Vignette-der-erste-Kontakt-DE-150x150.jpg 150w, http:\/\/werft.nauticalfiction.net\/wp-content\/uploads\/2024\/03\/Murmeli-Vignette-der-erste-Kontakt-DE-60x60.jpg 60w\" sizes=\"auto, (max-width: 150px) 100vw, 150px\" \/><\/div><a class=\"wp-block-latest-posts__post-title\" href=\"http:\/\/werft.nauticalfiction.net\/de\/murmeli-alles-nur-fell-2\/\">Murmeli &#8211; Der erste Kontakt<\/a><\/li>\n<\/ul>","protected":false},"excerpt":{"rendered":"<p>Murmeli Comics Endlich gibt es eine Liste der Murmeli Strips. Noch nicht ganz vollst\u00e4ndig und f\u00fcr den Link zu myComics m\u00fc\u00dft Ihr noch in den Beitrag klicken. Aber ich hoffe, in den kommen Wochen, sp\u00e4testens aber mit den n\u00e4chsten Posts &hellip; <a href=\"http:\/\/werft.nauticalfiction.net\/de\/comics\/murmeli-comics\/\">Weiterlesen<\/a><\/p>\n","protected":false},"author":1,"featured_media":0,"parent":1942,"menu_order":0,"comment_status":"closed","ping_status":"closed","template":"","meta":{"kt_blocks_editor_width":"","_themeisle_gutenberg_block_has_review":false,"footnotes":""},"folder":[],"class_list":["post-3888","page","type-page","status-publish","hentry"],"_links":{"self":[{"href":"http:\/\/werft.nauticalfiction.net\/de\/wp-json\/wp\/v2\/pages\/3888","targetHints":{"allow":["GET"]}}],"collection":[{"href":"http:\/\/werft.nauticalfiction.net\/de\/wp-json\/wp\/v2\/pages"}],"about":[{"href":"http:\/\/werft.nauticalfiction.net\/de\/wp-json\/wp\/v2\/types\/page"}],"author":[{"embeddable":true,"href":"http:\/\/werft.nauticalfiction.net\/de\/wp-json\/wp\/v2\/users\/1"}],"replies":[{"embeddable":true,"href":"http:\/\/werft.nauticalfiction.net\/de\/wp-json\/wp\/v2\/comments?post=3888"}],"version-history":[{"count":44,"href":"http:\/\/werft.nauticalfiction.net\/de\/wp-json\/wp\/v2\/pages\/3888\/revisions"}],"predecessor-version":[{"id":4211,"href":"http:\/\/werft.nauticalfiction.net\/de\/wp-json\/wp\/v2\/pages\/3888\/revisions\/4211"}],"up":[{"embeddable":true,"href":"http:\/\/werft.nauticalfiction.net\/de\/wp-json\/wp\/v2\/pages\/1942"}],"wp:attachment":[{"href":"http:\/\/werft.nauticalfiction.net\/de\/wp-json\/wp\/v2\/media?parent=3888"}],"wp:term":[{"taxonomy":"folder","embeddable":true,"href":"http:\/\/werft.nauticalfiction.net\/de\/wp-json\/wp\/v2\/folder?post=3888"}],"curies":[{"name":"wp","href":"https:\/\/api.w.org\/{rel}","templated":true}]}}