{"id":3489,"date":"2025-03-21T11:33:43","date_gmt":"2025-03-21T11:33:43","guid":{"rendered":"https:\/\/www.nauticalfiction.net\/de\/?page_id=3489"},"modified":"2025-10-17T13:57:37","modified_gmt":"2025-10-17T13:57:37","slug":"guckloch","status":"publish","type":"page","link":"http:\/\/werft.nauticalfiction.net\/de\/inside-nauticalfiction\/guckloch\/","title":{"rendered":"Guckloch"},"content":{"rendered":"<style>.wp-block-kadence-spacer.kt-block-spacer-3489_6c1279-87 .kt-block-spacer{height:60px;}.wp-block-kadence-spacer.kt-block-spacer-3489_6c1279-87 .kt-divider{border-top-width:1px;height:1px;border-top-color:#eee;width:80%;border-top-style:solid;}<\/style>\n<div class=\"wp-block-kadence-spacer aligncenter kt-block-spacer-3489_6c1279-87\"><div class=\"kt-block-spacer kt-block-spacer-halign-center\"><hr class=\"kt-divider\"\/><\/div><\/div>\n\n\n\n<p>Endlich ist meine neue Rubrik startklar. Mit dem Guckloch m\u00f6chte ich Euch laufende Einblicke in aktuelle Projekte geben.<\/p>\n\n\n\n<p>Im Moment gibt es drei Rubriken:<br>Eine f\u00fcr die wenigen maritimen Illustrationen, die gerade laufen.<br>Eine f\u00fcr sonstige Illustrationsprojekte und<br>Eine f\u00fcr die Arbeit an meinen Murmeli-Strips<\/p>\n\n\n<style>.wp-block-kadence-spacer.kt-block-spacer-3489_3d2fac-91 .kt-block-spacer{height:30px;}.wp-block-kadence-spacer.kt-block-spacer-3489_3d2fac-91 .kt-divider{border-top-width:1px;height:1px;border-top-color:#eee;width:80%;border-top-style:solid;}<\/style>\n<div class=\"wp-block-kadence-spacer aligncenter kt-block-spacer-3489_3d2fac-91\"><div class=\"kt-block-spacer kt-block-spacer-halign-center\"><hr class=\"kt-divider\"\/><\/div><\/div>\n\n\n\n<div class=\"wp-block-columns is-layout-flex wp-container-core-columns-is-layout-9d6595d7 wp-block-columns-is-layout-flex\">\n<div class=\"wp-block-column is-layout-flow wp-block-column-is-layout-flow\">\n<h4 class=\"wp-block-heading\">Maritime Illustrationen<\/h4>\n\n\n<style>.kb-posts-id-3489_42ff4c-17 .kb-post-list-item{display:grid;}<\/style><ul class=\"wp-block-kadence-posts kb-posts kadence-posts-list kb-posts-id-3489_42ff4c-17 content-wrap grid-cols kb-posts-style-boxed grid-sm-col-1 grid-lg-col-1 item-image-style-above\"><li class=\"kb-post-list-item\">\n\t<article class=\"entry content-bg loop-entry post-3510 post type-post status-publish format-standard has-post-thumbnail hentry category-guckloch category-fresh-up-devon-en tag-horst-kreuder tag-fregatte tag-kaperschiff tag-karibik tag-age-of-sail tag-quincey-howard\">\n\t\t\t\t<a aria-hidden=\"true\" tabindex=\"-1\" role=\"presentation\" class=\"post-thumbnail kadence-thumbnail-ratio-2-3\" href=\"http:\/\/werft.nauticalfiction.net\/de\/frech-up-devon-intro-2\/\" aria-label=\"Fresh-Up Devon \u2013 Aus Alt &#8230;\">\n\t\t\t<div class=\"post-thumbnail-inner\">\n\t\t\t\t<img loading=\"lazy\" decoding=\"async\" width=\"386\" height=\"273\" src=\"http:\/\/werft.nauticalfiction.net\/wp-content\/uploads\/2024\/03\/ILL-2306-Devon-Step-0-BB.jpg\" class=\"attachment-medium_large size-medium_large wp-post-image\" alt=\"Fresh-Up Devon \u2013 Aus Alt &#8230;\" srcset=\"http:\/\/werft.nauticalfiction.net\/wp-content\/uploads\/2024\/03\/ILL-2306-Devon-Step-0-BB.jpg 386w, http:\/\/werft.nauticalfiction.net\/wp-content\/uploads\/2024\/03\/ILL-2306-Devon-Step-0-BB-300x212.jpg 300w\" sizes=\"auto, (max-width: 386px) 100vw, 386px\" \/>\t\t\t<\/div>\n\t\t<\/a><!-- .post-thumbnail -->\n\t\t\t\t<div class=\"entry-content-wrap\">\n\t\t\t<header class=\"entry-header\">\n\t\t<div class=\"entry-taxonomies\">\n\t\t<span class=\"category-links term-links category-style-normal\">\n\t\t\t<a href=\"http:\/\/werft.nauticalfiction.net\/de\/category\/guckloch\/\" rel=\"category tag\">Guckloch<\/a> | <a href=\"http:\/\/werft.nauticalfiction.net\/de\/category\/guckloch\/fresh-up-devon-en\/\" rel=\"category tag\">Fresh-Up Devon<\/a>\t\t<\/span>\n\t<\/div><!-- .entry-taxonomies -->\n\t<h4 class=\"entry-title\"><a href=\"http:\/\/werft.nauticalfiction.net\/de\/frech-up-devon-intro-2\/\" rel=\"bookmark\">Fresh-Up Devon \u2013 Aus Alt &#8230;<\/a><\/h4>\t<div class=\"entry-meta entry-meta-divider-dot\">\n\t<span class=\"posted-by\"><span class=\"meta-label\">Von<\/span><span class=\"author vcard\"><span class=\"fn n\">Kommodore<\/span><\/span><\/span>\t\t\t<span class=\"posted-on\">\n\t\t\t\t<time class=\"entry-date published\" datetime=\"2024-03-02T14:49:16+00:00\">M\u00e4rz 2, 2024<\/time><time class=\"updated\" datetime=\"2025-10-17T13:09:26+00:00\">Oktober 17, 2025<\/time>\t\t\t<\/span>\n\t\t\t\t<\/div><!-- .entry-meta -->\n\t<\/header><!-- .entry-header -->\n\t<div class=\"entry-summary\">\n\t\t<p>Fresh-Up Devon \u2013 Aus Alt &#8230; Ich habe in einem Alter begonnen, intensiver zu zeichnen, in dem Viele anfangen sich f\u00fcr andere Dinge zu interessieren. Leider habe ich mich beim Zeichnen lange darauf beschr\u00e4nkt, die Bilder m\u00f6glichst schnell aus meinem &hellip; <a href=\"http:\/\/werft.nauticalfiction.net\/de\/frech-up-devon-intro-2\/\">Weiterlesen<\/a><\/p>\n\t<\/div><!-- .entry-summary -->\n\t<footer class=\"entry-footer\">\n\t\t\t<div class=\"entry-actions\">\n\t\t\t<p class=\"more-link-wrap\">\n\t\t\t\t<a href=\"http:\/\/werft.nauticalfiction.net\/de\/frech-up-devon-intro-2\/\" class=\"post-more-link\">\n\t\t\t\t\tWeiterlesen<span class=\"screen-reader-text\"> Fresh-Up Devon \u2013 Aus Alt &#8230;<\/span><span class=\"kadence-svg-iconset svg-baseline\"><svg aria-hidden=\"true\" class=\"kadence-svg-icon kadence-arrow-right-alt-svg\" fill=\"currentColor\" version=\"1.1\" xmlns=\"http:\/\/www.w3.org\/2000\/svg\" width=\"27\" height=\"28\" viewBox=\"0 0 27 28\"><title>Fortfahren<\/title><path d=\"M27 13.953c0 0.141-0.063 0.281-0.156 0.375l-6 5.531c-0.156 0.141-0.359 0.172-0.547 0.094-0.172-0.078-0.297-0.25-0.297-0.453v-3.5h-19.5c-0.281 0-0.5-0.219-0.5-0.5v-3c0-0.281 0.219-0.5 0.5-0.5h19.5v-3.5c0-0.203 0.109-0.375 0.297-0.453s0.391-0.047 0.547 0.078l6 5.469c0.094 0.094 0.156 0.219 0.156 0.359v0z\"><\/path>\n\t\t\t<\/svg><\/span>\t\t\t\t<\/a>\n\t\t\t<\/p>\n\t\t<\/div><!-- .entry-actions -->\n\t\t<\/footer><!-- .entry-footer -->\t\t<\/div>\n\t<\/article>\n<\/li>\n<\/ul><\/div>\n\n\n\n<div class=\"wp-block-column is-layout-flow wp-block-column-is-layout-flow\">\n<h4 class=\"wp-block-heading\">Vermischte Illustrationen<\/h4>\n\n\n<style>.kb-posts-id-3489_2532f7-5c .kb-post-list-item{display:grid;}<\/style><ul class=\"wp-block-kadence-posts kb-posts kadence-posts-list kb-posts-id-3489_2532f7-5c content-wrap grid-cols kb-posts-style-boxed grid-sm-col-1 grid-lg-col-1 item-image-style-above\"><li class=\"kb-post-list-item\">\n\t<article class=\"entry content-bg loop-entry post-4322 post type-post status-publish format-standard has-post-thumbnail hentry category-vermischtes-artwork category-uncategorized\">\n\t\t\t\t<a aria-hidden=\"true\" tabindex=\"-1\" role=\"presentation\" class=\"post-thumbnail kadence-thumbnail-ratio-2-3\" href=\"http:\/\/werft.nauticalfiction.net\/de\/erstmals-digital-gezeichnet-2\/\" aria-label=\"Alte Comics bereinigen\">\n\t\t\t<div class=\"post-thumbnail-inner\">\n\t\t\t\t<img loading=\"lazy\" decoding=\"async\" width=\"567\" height=\"410\" src=\"http:\/\/werft.nauticalfiction.net\/wp-content\/uploads\/2025\/05\/Beitragsbild-Vermischte-zu-Retoche.jpg\" class=\"attachment-medium_large size-medium_large wp-post-image\" alt=\"Alte Comics bereinigen\" srcset=\"http:\/\/werft.nauticalfiction.net\/wp-content\/uploads\/2025\/05\/Beitragsbild-Vermischte-zu-Retoche.jpg 567w, http:\/\/werft.nauticalfiction.net\/wp-content\/uploads\/2025\/05\/Beitragsbild-Vermischte-zu-Retoche-300x217.jpg 300w\" sizes=\"auto, (max-width: 567px) 100vw, 567px\" \/>\t\t\t<\/div>\n\t\t<\/a><!-- .post-thumbnail -->\n\t\t\t\t<div class=\"entry-content-wrap\">\n\t\t\t<header class=\"entry-header\">\n\t\t<div class=\"entry-taxonomies\">\n\t\t<span class=\"category-links term-links category-style-normal\">\n\t\t\t<a href=\"http:\/\/werft.nauticalfiction.net\/de\/category\/guckloch\/vermischtes-artwork\/\" rel=\"category tag\">Vermischtes Artwork<\/a> | <a href=\"http:\/\/werft.nauticalfiction.net\/de\/category\/uncategorized\/\" rel=\"category tag\">Logbuecher<\/a>\t\t<\/span>\n\t<\/div><!-- .entry-taxonomies -->\n\t<h4 class=\"entry-title\"><a href=\"http:\/\/werft.nauticalfiction.net\/de\/erstmals-digital-gezeichnet-2\/\" rel=\"bookmark\">Alte Comics bereinigen<\/a><\/h4>\t<div class=\"entry-meta entry-meta-divider-dot\">\n\t<span class=\"posted-by\"><span class=\"author vcard\"><span class=\"fn n\">Kommodore<\/span><\/span><\/span>\t\t\t<span class=\"posted-on\">\n\t\t\t\t<time class=\"entry-date published\" datetime=\"2025-05-20T16:51:34+00:00\">Mai 20, 2025<\/time><time class=\"updated\" datetime=\"2025-06-02T11:28:58+00:00\">Juni 2, 2025<\/time>\t\t\t<\/span>\n\t\t\t\t<\/div><!-- .entry-meta -->\n\t<\/header><!-- .entry-header -->\n\t<div class=\"entry-summary\">\n\t\t<p>Alte Comics bereinigen Neben den Murmeli Strips bearbeite ich weiter auch meine anderen Comics, die ich in den sp\u00e4ten 70er und fr\u00fchen 80er produziert habe Im Moment bin ich mit der zweiten Fantasy-Kurzgeschichte dran, die aus der Phase mit \u201eDem &hellip; <a href=\"http:\/\/werft.nauticalfiction.net\/de\/erstmals-digital-gezeichnet-2\/\">Weiterlesen<\/a><\/p>\n\t<\/div><!-- .entry-summary -->\n\t<footer class=\"entry-footer\">\n\t\t\t<div class=\"entry-actions\">\n\t\t\t<p class=\"more-link-wrap\">\n\t\t\t\t<a href=\"http:\/\/werft.nauticalfiction.net\/de\/erstmals-digital-gezeichnet-2\/\" class=\"post-more-link\">\n\t\t\t\t\tWeiterlesen<span class=\"screen-reader-text\"> Alte Comics bereinigen<\/span><span class=\"kadence-svg-iconset svg-baseline\"><svg aria-hidden=\"true\" class=\"kadence-svg-icon kadence-arrow-right-alt-svg\" fill=\"currentColor\" version=\"1.1\" xmlns=\"http:\/\/www.w3.org\/2000\/svg\" width=\"27\" height=\"28\" viewBox=\"0 0 27 28\"><title>Fortfahren<\/title><path d=\"M27 13.953c0 0.141-0.063 0.281-0.156 0.375l-6 5.531c-0.156 0.141-0.359 0.172-0.547 0.094-0.172-0.078-0.297-0.25-0.297-0.453v-3.5h-19.5c-0.281 0-0.5-0.219-0.5-0.5v-3c0-0.281 0.219-0.5 0.5-0.5h19.5v-3.5c0-0.203 0.109-0.375 0.297-0.453s0.391-0.047 0.547 0.078l6 5.469c0.094 0.094 0.156 0.219 0.156 0.359v0z\"><\/path>\n\t\t\t<\/svg><\/span>\t\t\t\t<\/a>\n\t\t\t<\/p>\n\t\t<\/div><!-- .entry-actions -->\n\t\t<\/footer><!-- .entry-footer -->\t\t<\/div>\n\t<\/article>\n<\/li>\n<li class=\"kb-post-list-item\">\n\t<article class=\"entry content-bg loop-entry post-3940 post type-post status-publish format-standard has-post-thumbnail hentry category-vermischtes-artwork category-uncategorized\">\n\t\t\t\t<a aria-hidden=\"true\" tabindex=\"-1\" role=\"presentation\" class=\"post-thumbnail kadence-thumbnail-ratio-2-3\" href=\"http:\/\/werft.nauticalfiction.net\/de\/erstmals-digital-gezeichnet\/\" aria-label=\"Erstmals digital gezeichnet\">\n\t\t\t<div class=\"post-thumbnail-inner\">\n\t\t\t\t<img loading=\"lazy\" decoding=\"async\" width=\"566\" height=\"409\" src=\"http:\/\/werft.nauticalfiction.net\/wp-content\/uploads\/2025\/03\/Erste-Digitale-Zeichnung-BB.jpg\" class=\"attachment-medium_large size-medium_large wp-post-image\" alt=\"Erstmals digital gezeichnet\" srcset=\"http:\/\/werft.nauticalfiction.net\/wp-content\/uploads\/2025\/03\/Erste-Digitale-Zeichnung-BB.jpg 566w, http:\/\/werft.nauticalfiction.net\/wp-content\/uploads\/2025\/03\/Erste-Digitale-Zeichnung-BB-300x217.jpg 300w\" sizes=\"auto, (max-width: 566px) 100vw, 566px\" \/>\t\t\t<\/div>\n\t\t<\/a><!-- .post-thumbnail -->\n\t\t\t\t<div class=\"entry-content-wrap\">\n\t\t\t<header class=\"entry-header\">\n\t\t<div class=\"entry-taxonomies\">\n\t\t<span class=\"category-links term-links category-style-normal\">\n\t\t\t<a href=\"http:\/\/werft.nauticalfiction.net\/de\/category\/guckloch\/vermischtes-artwork\/\" rel=\"category tag\">Vermischtes Artwork<\/a> | <a href=\"http:\/\/werft.nauticalfiction.net\/de\/category\/uncategorized\/\" rel=\"category tag\">Logbuecher<\/a>\t\t<\/span>\n\t<\/div><!-- .entry-taxonomies -->\n\t<h4 class=\"entry-title\"><a href=\"http:\/\/werft.nauticalfiction.net\/de\/erstmals-digital-gezeichnet\/\" rel=\"bookmark\">Erstmals digital gezeichnet<\/a><\/h4>\t<div class=\"entry-meta entry-meta-divider-dot\">\n\t<span class=\"posted-by\"><span class=\"author vcard\"><span class=\"fn n\">Kommodore<\/span><\/span><\/span>\t\t\t<span class=\"posted-on\">\n\t\t\t\t<time class=\"entry-date published\" datetime=\"2025-03-21T12:11:41+00:00\">M\u00e4rz 21, 2025<\/time><time class=\"updated\" datetime=\"2025-03-21T12:12:52+00:00\">M\u00e4rz 21, 2025<\/time>\t\t\t<\/span>\n\t\t\t\t<\/div><!-- .entry-meta -->\n\t<\/header><!-- .entry-header -->\n\t<div class=\"entry-summary\">\n\t\t<p>Erstmals digital gezeichnet Ich konnte mich die Tage nicht recht entscheiden, was ich \u2013 kurz vor Primetime &#8211; noch f\u00fcr eine Arbeit anfangen wollte. Pl\u00f6tzlich hatte ich ein Titelbild f\u00fcr einen Comic um eine Weltraumagentin aus meinem Fr\u00fchwerk ge\u00f6ffnet. Es &hellip; <a href=\"http:\/\/werft.nauticalfiction.net\/de\/erstmals-digital-gezeichnet\/\">Weiterlesen<\/a><\/p>\n\t<\/div><!-- .entry-summary -->\n\t<footer class=\"entry-footer\">\n\t\t\t<div class=\"entry-actions\">\n\t\t\t<p class=\"more-link-wrap\">\n\t\t\t\t<a href=\"http:\/\/werft.nauticalfiction.net\/de\/erstmals-digital-gezeichnet\/\" class=\"post-more-link\">\n\t\t\t\t\tWeiterlesen<span class=\"screen-reader-text\"> Erstmals digital gezeichnet<\/span><span class=\"kadence-svg-iconset svg-baseline\"><svg aria-hidden=\"true\" class=\"kadence-svg-icon kadence-arrow-right-alt-svg\" fill=\"currentColor\" version=\"1.1\" xmlns=\"http:\/\/www.w3.org\/2000\/svg\" width=\"27\" height=\"28\" viewBox=\"0 0 27 28\"><title>Fortfahren<\/title><path d=\"M27 13.953c0 0.141-0.063 0.281-0.156 0.375l-6 5.531c-0.156 0.141-0.359 0.172-0.547 0.094-0.172-0.078-0.297-0.25-0.297-0.453v-3.5h-19.5c-0.281 0-0.5-0.219-0.5-0.5v-3c0-0.281 0.219-0.5 0.5-0.5h19.5v-3.5c0-0.203 0.109-0.375 0.297-0.453s0.391-0.047 0.547 0.078l6 5.469c0.094 0.094 0.156 0.219 0.156 0.359v0z\"><\/path>\n\t\t\t<\/svg><\/span>\t\t\t\t<\/a>\n\t\t\t<\/p>\n\t\t<\/div><!-- .entry-actions -->\n\t\t<\/footer><!-- .entry-footer -->\t\t<\/div>\n\t<\/article>\n<\/li>\n<\/ul><\/div>\n\n\n\n<div class=\"wp-block-column is-layout-flow wp-block-column-is-layout-flow\">\n<h4 class=\"wp-block-heading\">Projekt Murmeli<\/h4>\n\n\n<style>.kb-posts-id-3489_da5af2-cc .kb-post-list-item{display:grid;}<\/style><ul class=\"wp-block-kadence-posts kb-posts kadence-posts-list kb-posts-id-3489_da5af2-cc content-wrap grid-cols kb-posts-style-boxed grid-sm-col-1 grid-lg-col-1 item-image-style-above\"><li class=\"kb-post-list-item\">\n\t<article class=\"entry content-bg loop-entry post-4743 post type-post status-publish format-standard has-post-thumbnail hentry category-murmeli category-uncategorized tag-murmli-co tag-wandertag tag-comic tag-guckloch tag-horst-kreuder tag-comic-strip tag-funny tag-murmeli-und-co tag-animal-funny tag-murmli\">\n\t\t\t\t<a aria-hidden=\"true\" tabindex=\"-1\" role=\"presentation\" class=\"post-thumbnail kadence-thumbnail-ratio-2-3\" href=\"http:\/\/werft.nauticalfiction.net\/de\/der-originalstrip\/\" aria-label=\"25.08.2025 Erste Ummontage\">\n\t\t\t<div class=\"post-thumbnail-inner\">\n\t\t\t\t<img loading=\"lazy\" decoding=\"async\" width=\"567\" height=\"410\" src=\"http:\/\/werft.nauticalfiction.net\/wp-content\/uploads\/2025\/06\/Beitragsbild-Guckloch-MuCo-01-Schritt-01.jpg\" class=\"attachment-medium_large size-medium_large wp-post-image\" alt=\"25.08.2025 Erste Ummontage\" srcset=\"http:\/\/werft.nauticalfiction.net\/wp-content\/uploads\/2025\/06\/Beitragsbild-Guckloch-MuCo-01-Schritt-01.jpg 567w, http:\/\/werft.nauticalfiction.net\/wp-content\/uploads\/2025\/06\/Beitragsbild-Guckloch-MuCo-01-Schritt-01-300x217.jpg 300w\" sizes=\"auto, (max-width: 567px) 100vw, 567px\" \/>\t\t\t<\/div>\n\t\t<\/a><!-- .post-thumbnail -->\n\t\t\t\t<div class=\"entry-content-wrap\">\n\t\t\t<header class=\"entry-header\">\n\t\t<div class=\"entry-taxonomies\">\n\t\t<span class=\"category-links term-links category-style-normal\">\n\t\t\t<a href=\"http:\/\/werft.nauticalfiction.net\/de\/category\/guckloch\/murmeli\/\" rel=\"category tag\">Murmeli<\/a> | <a href=\"http:\/\/werft.nauticalfiction.net\/de\/category\/uncategorized\/\" rel=\"category tag\">Logbuecher<\/a>\t\t<\/span>\n\t<\/div><!-- .entry-taxonomies -->\n\t<h4 class=\"entry-title\"><a href=\"http:\/\/werft.nauticalfiction.net\/de\/der-originalstrip\/\" rel=\"bookmark\">25.08.2025 Erste Ummontage<\/a><\/h4>\t<div class=\"entry-meta entry-meta-divider-dot\">\n\t<span class=\"posted-by\"><span class=\"meta-label\">Von<\/span><span class=\"author vcard\"><span class=\"fn n\">Kommodore<\/span><\/span><\/span>\t\t\t<span class=\"posted-on\">\n\t\t\t\t<time class=\"entry-date published\" datetime=\"2025-08-25T17:58:10+00:00\">August 25, 2025<\/time><time class=\"updated\" datetime=\"2025-08-26T09:15:11+00:00\">August 26, 2025<\/time>\t\t\t<\/span>\n\t\t\t\t<\/div><!-- .entry-meta -->\n\t<\/header><!-- .entry-header -->\n\t<div class=\"entry-summary\">\n\t\t<p>25.08.2025 Erste Ummontage Der n\u00e4chste Schritt war, den 3-Panel Strip auf das 4-Panel Quadrat umzumontieren. Der Raum f\u00fcr das neue, 3. Panel ist noch frei. Da mu\u00df eine zus\u00e4tzliche Zeichnung rein. Die bestehenden Panls habe ich in Blau gefa\u00dft, da &hellip; <a href=\"http:\/\/werft.nauticalfiction.net\/de\/der-originalstrip\/\">Weiterlesen<\/a><\/p>\n\t<\/div><!-- .entry-summary -->\n\t<footer class=\"entry-footer\">\n\t\t\t<div class=\"entry-actions\">\n\t\t\t<p class=\"more-link-wrap\">\n\t\t\t\t<a href=\"http:\/\/werft.nauticalfiction.net\/de\/der-originalstrip\/\" class=\"post-more-link\">\n\t\t\t\t\tWeiterlesen<span class=\"screen-reader-text\"> 25.08.2025 Erste Ummontage<\/span><span class=\"kadence-svg-iconset svg-baseline\"><svg aria-hidden=\"true\" class=\"kadence-svg-icon kadence-arrow-right-alt-svg\" fill=\"currentColor\" version=\"1.1\" xmlns=\"http:\/\/www.w3.org\/2000\/svg\" width=\"27\" height=\"28\" viewBox=\"0 0 27 28\"><title>Fortfahren<\/title><path d=\"M27 13.953c0 0.141-0.063 0.281-0.156 0.375l-6 5.531c-0.156 0.141-0.359 0.172-0.547 0.094-0.172-0.078-0.297-0.25-0.297-0.453v-3.5h-19.5c-0.281 0-0.5-0.219-0.5-0.5v-3c0-0.281 0.219-0.5 0.5-0.5h19.5v-3.5c0-0.203 0.109-0.375 0.297-0.453s0.391-0.047 0.547 0.078l6 5.469c0.094 0.094 0.156 0.219 0.156 0.359v0z\"><\/path>\n\t\t\t<\/svg><\/span>\t\t\t\t<\/a>\n\t\t\t<\/p>\n\t\t<\/div><!-- .entry-actions -->\n\t\t<\/footer><!-- .entry-footer -->\t\t<\/div>\n\t<\/article>\n<\/li>\n<li class=\"kb-post-list-item\">\n\t<article class=\"entry content-bg loop-entry post-4367 post type-post status-publish format-standard has-post-thumbnail hentry category-murmeli category-uncategorized tag-guckloch tag-horst-kreuder tag-comic-strip tag-funny tag-murmeli-und-co tag-animal-funny tag-murmli tag-murmli-co tag-wandertag tag-comic\">\n\t\t\t\t<a aria-hidden=\"true\" tabindex=\"-1\" role=\"presentation\" class=\"post-thumbnail kadence-thumbnail-ratio-2-3\" href=\"http:\/\/werft.nauticalfiction.net\/de\/ein-murmeli-comic-wird-aufbereitet\/\" aria-label=\"Der Originalstrip\">\n\t\t\t<div class=\"post-thumbnail-inner\">\n\t\t\t\t<img loading=\"lazy\" decoding=\"async\" width=\"567\" height=\"410\" src=\"http:\/\/werft.nauticalfiction.net\/wp-content\/uploads\/2025\/06\/Beitragsbild-Guckloch-MuCo-01-Schritt-01.jpg\" class=\"attachment-medium_large size-medium_large wp-post-image\" alt=\"Der Originalstrip\" srcset=\"http:\/\/werft.nauticalfiction.net\/wp-content\/uploads\/2025\/06\/Beitragsbild-Guckloch-MuCo-01-Schritt-01.jpg 567w, http:\/\/werft.nauticalfiction.net\/wp-content\/uploads\/2025\/06\/Beitragsbild-Guckloch-MuCo-01-Schritt-01-300x217.jpg 300w\" sizes=\"auto, (max-width: 567px) 100vw, 567px\" \/>\t\t\t<\/div>\n\t\t<\/a><!-- .post-thumbnail -->\n\t\t\t\t<div class=\"entry-content-wrap\">\n\t\t\t<header class=\"entry-header\">\n\t\t<div class=\"entry-taxonomies\">\n\t\t<span class=\"category-links term-links category-style-normal\">\n\t\t\t<a href=\"http:\/\/werft.nauticalfiction.net\/de\/category\/guckloch\/murmeli\/\" rel=\"category tag\">Murmeli<\/a> | <a href=\"http:\/\/werft.nauticalfiction.net\/de\/category\/uncategorized\/\" rel=\"category tag\">Logbuecher<\/a>\t\t<\/span>\n\t<\/div><!-- .entry-taxonomies -->\n\t<h4 class=\"entry-title\"><a href=\"http:\/\/werft.nauticalfiction.net\/de\/ein-murmeli-comic-wird-aufbereitet\/\" rel=\"bookmark\">Der Originalstrip<\/a><\/h4>\t<div class=\"entry-meta entry-meta-divider-dot\">\n\t<span class=\"posted-by\"><span class=\"meta-label\">Von<\/span><span class=\"author vcard\"><span class=\"fn n\">Kommodore<\/span><\/span><\/span>\t\t\t<span class=\"posted-on\">\n\t\t\t\t<time class=\"entry-date published\" datetime=\"2025-06-06T14:51:37+00:00\">Juni 6, 2025<\/time><time class=\"updated\" datetime=\"2025-08-26T09:16:13+00:00\">August 26, 2025<\/time>\t\t\t<\/span>\n\t\t\t\t<\/div><!-- .entry-meta -->\n\t<\/header><!-- .entry-header -->\n\t<div class=\"entry-summary\">\n\t\t<p>Der Originalstrip Am Anfang einer Aufbereitung steht der Original-Strip. \u201eWandertag\u201c war ein Schnellschu\u00df f\u00fcr einen Wettbewerb. Deshalb habe ich mir keine gro\u00dfen Gedanken \u00fcber das Layout gemacht und das \u00fcbliche 3-Panel-Raster benutzt. Im Nachhinein w\u00e4re das 4. Panel bei einem &hellip; <a href=\"http:\/\/werft.nauticalfiction.net\/de\/ein-murmeli-comic-wird-aufbereitet\/\">Weiterlesen<\/a><\/p>\n\t<\/div><!-- .entry-summary -->\n\t<footer class=\"entry-footer\">\n\t\t\t<div class=\"entry-actions\">\n\t\t\t<p class=\"more-link-wrap\">\n\t\t\t\t<a href=\"http:\/\/werft.nauticalfiction.net\/de\/ein-murmeli-comic-wird-aufbereitet\/\" class=\"post-more-link\">\n\t\t\t\t\tWeiterlesen<span class=\"screen-reader-text\"> Der Originalstrip<\/span><span class=\"kadence-svg-iconset svg-baseline\"><svg aria-hidden=\"true\" class=\"kadence-svg-icon kadence-arrow-right-alt-svg\" fill=\"currentColor\" version=\"1.1\" xmlns=\"http:\/\/www.w3.org\/2000\/svg\" width=\"27\" height=\"28\" viewBox=\"0 0 27 28\"><title>Fortfahren<\/title><path d=\"M27 13.953c0 0.141-0.063 0.281-0.156 0.375l-6 5.531c-0.156 0.141-0.359 0.172-0.547 0.094-0.172-0.078-0.297-0.25-0.297-0.453v-3.5h-19.5c-0.281 0-0.5-0.219-0.5-0.5v-3c0-0.281 0.219-0.5 0.5-0.5h19.5v-3.5c0-0.203 0.109-0.375 0.297-0.453s0.391-0.047 0.547 0.078l6 5.469c0.094 0.094 0.156 0.219 0.156 0.359v0z\"><\/path>\n\t\t\t<\/svg><\/span>\t\t\t\t<\/a>\n\t\t\t<\/p>\n\t\t<\/div><!-- .entry-actions -->\n\t\t<\/footer><!-- .entry-footer -->\t\t<\/div>\n\t<\/article>\n<\/li>\n<\/ul><\/div>\n<\/div>\n\n\n\n<div class=\"wp-block-columns is-layout-flex wp-container-core-columns-is-layout-9d6595d7 wp-block-columns-is-layout-flex\">\n<div class=\"wp-block-column is-layout-flow wp-block-column-is-layout-flow\" style=\"flex-basis:100%\"><\/div>\n<\/div>\n","protected":false},"excerpt":{"rendered":"<p>Endlich ist meine neue Rubrik startklar. Mit dem Guckloch m\u00f6chte ich Euch laufende Einblicke in aktuelle Projekte geben. Im Moment gibt es drei Rubriken:Eine f\u00fcr die wenigen maritimen Illustrationen, die gerade laufen.Eine f\u00fcr sonstige Illustrationsprojekte undEine f\u00fcr die Arbeit an &hellip; <a href=\"http:\/\/werft.nauticalfiction.net\/de\/inside-nauticalfiction\/guckloch\/\">Weiterlesen<\/a><\/p>\n","protected":false},"author":1,"featured_media":0,"parent":2345,"menu_order":1,"comment_status":"closed","ping_status":"closed","template":"","meta":{"kt_blocks_editor_width":"","_themeisle_gutenberg_block_has_review":false,"footnotes":""},"folder":[],"class_list":["post-3489","page","type-page","status-publish","hentry"],"_links":{"self":[{"href":"http:\/\/werft.nauticalfiction.net\/de\/wp-json\/wp\/v2\/pages\/3489","targetHints":{"allow":["GET"]}}],"collection":[{"href":"http:\/\/werft.nauticalfiction.net\/de\/wp-json\/wp\/v2\/pages"}],"about":[{"href":"http:\/\/werft.nauticalfiction.net\/de\/wp-json\/wp\/v2\/types\/page"}],"author":[{"embeddable":true,"href":"http:\/\/werft.nauticalfiction.net\/de\/wp-json\/wp\/v2\/users\/1"}],"replies":[{"embeddable":true,"href":"http:\/\/werft.nauticalfiction.net\/de\/wp-json\/wp\/v2\/comments?post=3489"}],"version-history":[{"count":41,"href":"http:\/\/werft.nauticalfiction.net\/de\/wp-json\/wp\/v2\/pages\/3489\/revisions"}],"predecessor-version":[{"id":4902,"href":"http:\/\/werft.nauticalfiction.net\/de\/wp-json\/wp\/v2\/pages\/3489\/revisions\/4902"}],"up":[{"embeddable":true,"href":"http:\/\/werft.nauticalfiction.net\/de\/wp-json\/wp\/v2\/pages\/2345"}],"wp:attachment":[{"href":"http:\/\/werft.nauticalfiction.net\/de\/wp-json\/wp\/v2\/media?parent=3489"}],"wp:term":[{"taxonomy":"folder","embeddable":true,"href":"http:\/\/werft.nauticalfiction.net\/de\/wp-json\/wp\/v2\/folder?post=3489"}],"curies":[{"name":"wp","href":"https:\/\/api.w.org\/{rel}","templated":true}]}}