{"id":3329,"date":"2023-09-18T16:05:47","date_gmt":"2023-09-18T16:05:47","guid":{"rendered":"https:\/\/www.nauticalfiction.net\/de\/?page_id=3329"},"modified":"2025-04-30T10:27:42","modified_gmt":"2025-04-30T10:27:42","slug":"startseite","status":"publish","type":"page","link":"http:\/\/werft.nauticalfiction.net\/de\/","title":{"rendered":"Startseite"},"content":{"rendered":"\n<div class=\"wp-block-columns is-layout-flex wp-container-core-columns-is-layout-9d6595d7 wp-block-columns-is-layout-flex\">\n<div class=\"wp-block-column is-layout-flow wp-block-column-is-layout-flow\" style=\"flex-basis:33.33%\">\n<h3 class=\"wp-block-heading has-text-align-center\">Willkommen<\/h3>\n\n\n\n<p><\/p>\n\n\n\n<p><\/p>\n\n\n\n<p>NauticalFiction, Seefahrergeschichten. Fenster in eine faszinierende Welt voller Weite und Abenteuer.<\/p>\n\n\n\n<p>Schon fr\u00fch, mit meinem ersten Piratenfilm im Fernsehen, hat mich diese Welt in ihren Bann gezogen. Diesem ersten Film folgten Weitere, ebenso wie B\u00fccher und Comics.<\/p>\n\n\n\n<p>Da ich viel Spa\u00df am Fabulieren habe, wollte ich irgendwann auch selbst Geschichten erz\u00e4hlen, statt nur zu lesen.<\/p>\n\n\n\n<p>Damals experimentierte ich mit Comics und so betrat 1976, nach einigen Warm-Ups in anderen Genres, mein Seeheld die B\u00fchne: Quincey Howard.<\/p>\n\n\n\n<p>Das Projekt hatte nicht immer raumen Wind und blieb dann auch, zusammen mit meiner Erz\u00e4hlfreude, in einer b\u00f6sen Flaute h\u00e4ngen.<br><br><br><\/p>\n\n\n\n<p>Im Herbst 2016 war ich dann leid auf Wind zu warten und habe, um im Bild zu bleiben, endlich die Boote ausgebracht, um zu schleppen.<\/p>\n\n\n\n<p>Ich habe meine alten Arbeiten aus dem Archiv geholt und mit Farbe und neuen Layouts aufbereitet und diese Website angelegt, um sie mit denen zu teilen, die meine Leidenschaft teilen.<br><br><br><\/p>\n\n\n\n<p>Es war m\u00fchselig, aber es hat sich gelohnt. Nach dreieinhalb Jahren wartet eine neue Erz\u00e4hlung auf ihre Ver\u00f6ffentlichung und meine erste Comicseite nach fast 30 Jahren ist am 17.04.2020 online gegangen. Dazu seht ihr hier die runderneuert Website. Also freut euch hier auf Lesestoff und Informationen aus dem Age of Sail \u2013 auch wenn die langsamen Boote noch eine Weile die stetige Brise ersetzen m\u00fcssen \ud83d\ude09<\/p>\n\n\n\n<p>Horst Kreuder<\/p>\n<\/div>\n\n\n\n<div class=\"wp-block-column is-layout-flow wp-block-column-is-layout-flow\" style=\"flex-basis:66.66%\">\n<h3 class=\"wp-block-heading\">Depeschen <\/h3>\n\n\n<div\n\t\t\t\n\t\t\tclass=\"so-widget-sow-post-carousel so-widget-sow-post-carousel-base-c799c491ccd4\"\n\t\t\t\n\t\t>\t<div\n\t\tclass=\"sow-post-carousel-wrapper sow-post-carousel-theme-base\"\n\t\tstyle=\"overflow: hidden; max-width: 100%; min-height: 182px\"\n\t>\n\t\t<div class=\"sow-carousel-title\">\n\t\t\t<div class=\"sow-carousel-navigation \">\n\t\t\t\t\t\t<a href=\"#\" class=\"sow-carousel-next\" title=\"Next\" aria-label=\"Next Posts\" role=\"button\"><\/a>\n\t\t\t\t\t\t<a href=\"#\" class=\"sow-carousel-previous\" title=\"Previous\" aria-label=\"Previous Posts\" role=\"button\"><\/a>\n\t\t\t\t\t<\/div>\n\t<\/div>\n\n<div class=\"sow-carousel-container \">\n\t\t<div class=\"sow-carousel-wrapper\"\n\t\tdata-dir=\"ltr\"\n\t\tstyle=\"opacity: 0;\"\n\t\tdata-widget=\"post\" data-fetching=\"false\" data-page=\"1\" data-ajax-url=\"http:\/\/werft.nauticalfiction.net\/wp-admin\/admin-ajax.php?_widgets_nonce=46237b0a23\" data-item_count=\"251\" data-carousel_settings=\"{&quot;loop&quot;:true,&quot;animation&quot;:&quot;Ease&quot;,&quot;animation_speed&quot;:400,&quot;autoplay&quot;:&quot;&quot;,&quot;pauseOnHover&quot;:&quot;&quot;,&quot;autoplaySpeed&quot;:8000,&quot;item_overflow&quot;:true,&quot;autoplay_continuous_scroll&quot;:false}\" data-responsive=\"{&quot;desktop_slides_to_scroll&quot;:1,&quot;tablet_landscape_breakpoint&quot;:1366,&quot;tablet_landscape_slides_to_scroll&quot;:2,&quot;tablet_portrait_breakpoint&quot;:1025,&quot;tablet_portrait_slides_to_scroll&quot;:2,&quot;mobile_breakpoint&quot;:480,&quot;mobile_slides_to_scroll&quot;:1}\" data-variable_width=\"true\" \t>\n\t\t<div\n\t\t\tclass=\"sow-carousel-items\"\n\t\t\t\t\t>\n\t\t\t\t<div class=\"sow-carousel-item\" tabindex=\"-1\" style=\"float: left;\">\n\t\t<div class=\"sow-carousel-thumbnail\">\n\t\t\t\t\t\t\t<a\n\t\t\t\t\thref=\"http:\/\/werft.nauticalfiction.net\/de\/marker-altversion\/\"\n\t\t\t\t\tclass=\"sow-carousel-default-thumbnail\"\n\t\t\t\t\t\t\t\t\t\t\t\t\t\t\taria-labelledby=\"sow-carousel-id-5461\"\n\t\t\t\t\ttabindex=\"-1\"\n\t\t\t\t>\n\t\t\t\t\t<span class=\"overlay\"><\/span>\n\t\t\t\t<\/a>\n\t\t\t\t\t<\/div>\n\t\t<h3 class=\"sow-carousel-item-title\">\n\t\t\t<a\n\t\t\t\thref=\"http:\/\/werft.nauticalfiction.net\/de\/marker-altversion\/\"\n\t\t\t\tid=\"sow-carousel-id-5461\"\n\t\t\t\t\t\t\t\ttabindex=\"-1\"\n\t\t\t>\n\n\t\t\t\tMarker Altversion\t\t\t<\/a>\n\t\t<\/h3>\n\t<\/div>\n\t\t<div class=\"sow-carousel-item\" tabindex=\"-1\" style=\"float: left;\">\n\t\t<div class=\"sow-carousel-thumbnail\">\n\t\t\t\t\t\t\t<a\n\t\t\t\t\thref=\"http:\/\/werft.nauticalfiction.net\/de\/03-02-2026-mission-erfuellt\/\"\n\t\t\t\t\t\t\t\t\t\tstyle=\"background-image: url( http:\/\/werft.nauticalfiction.net\/wp-content\/uploads\/2026\/02\/Beitragsbid-Galerie-KI-Experimente-1-272x182.jpg )\"\n\t\t\t\t\taria-labelledby=\"sow-carousel-id-5450\"\n\t\t\t\t\ttabindex=\"-1\"\n\t\t\t\t>\n\t\t\t\t\t<span class=\"overlay\"><\/span>\n\t\t\t\t<\/a>\n\t\t\t\t\t<\/div>\n\t\t<h3 class=\"sow-carousel-item-title\">\n\t\t\t<a\n\t\t\t\thref=\"http:\/\/werft.nauticalfiction.net\/de\/03-02-2026-mission-erfuellt\/\"\n\t\t\t\tid=\"sow-carousel-id-5450\"\n\t\t\t\t\t\t\t\ttabindex=\"-1\"\n\t\t\t>\n\n\t\t\t\t18.02.2026 Galerie f\u00fcr KI\t\t\t<\/a>\n\t\t<\/h3>\n\t<\/div>\n\t\t<div class=\"sow-carousel-item\" tabindex=\"-1\" style=\"float: left;\">\n\t\t<div class=\"sow-carousel-thumbnail\">\n\t\t\t\t\t\t\t<a\n\t\t\t\t\thref=\"http:\/\/werft.nauticalfiction.net\/de\/24-01-2026-ein-blick-aufs-murmeli\/\"\n\t\t\t\t\t\t\t\t\t\tstyle=\"background-image: url( http:\/\/werft.nauticalfiction.net\/wp-content\/uploads\/2026\/02\/Beitragsbild-06-Dracula-FR-328-Aufrufe-BB-272x182.jpg )\"\n\t\t\t\t\taria-labelledby=\"sow-carousel-id-5416\"\n\t\t\t\t\ttabindex=\"-1\"\n\t\t\t\t>\n\t\t\t\t\t<span class=\"overlay\"><\/span>\n\t\t\t\t<\/a>\n\t\t\t\t\t<\/div>\n\t\t<h3 class=\"sow-carousel-item-title\">\n\t\t\t<a\n\t\t\t\thref=\"http:\/\/werft.nauticalfiction.net\/de\/24-01-2026-ein-blick-aufs-murmeli\/\"\n\t\t\t\tid=\"sow-carousel-id-5416\"\n\t\t\t\t\t\t\t\ttabindex=\"-1\"\n\t\t\t>\n\n\t\t\t\t11.02.2026 Zur\u00fcck zum Murmeli\t\t\t<\/a>\n\t\t<\/h3>\n\t<\/div>\n\t\t<div class=\"sow-carousel-item\" tabindex=\"-1\" style=\"float: left;\">\n\t\t<div class=\"sow-carousel-thumbnail\">\n\t\t\t\t\t\t\t<a\n\t\t\t\t\thref=\"http:\/\/werft.nauticalfiction.net\/de\/31-01-2026-navy-schoner-voraus\/\"\n\t\t\t\t\t\t\t\t\t\tstyle=\"background-image: url( http:\/\/werft.nauticalfiction.net\/wp-content\/uploads\/2026\/02\/Beitragsbild-Kutter-in-Galerie-BB-272x182.jpg )\"\n\t\t\t\t\taria-labelledby=\"sow-carousel-id-5412\"\n\t\t\t\t\ttabindex=\"-1\"\n\t\t\t\t>\n\t\t\t\t\t<span class=\"overlay\"><\/span>\n\t\t\t\t<\/a>\n\t\t\t\t\t<\/div>\n\t\t<h3 class=\"sow-carousel-item-title\">\n\t\t\t<a\n\t\t\t\thref=\"http:\/\/werft.nauticalfiction.net\/de\/31-01-2026-navy-schoner-voraus\/\"\n\t\t\t\tid=\"sow-carousel-id-5412\"\n\t\t\t\t\t\t\t\ttabindex=\"-1\"\n\t\t\t>\n\n\t\t\t\t03.02.2026 Mission erf\u00fcllt\t\t\t<\/a>\n\t\t<\/h3>\n\t<\/div>\n\t\t<div class=\"sow-carousel-item\" tabindex=\"-1\" style=\"float: left;\">\n\t\t<div class=\"sow-carousel-thumbnail\">\n\t\t\t\t\t\t\t<a\n\t\t\t\t\thref=\"http:\/\/werft.nauticalfiction.net\/de\/28-01-2026-kriegsbrigg-in-der-galerie\/\"\n\t\t\t\t\t\t\t\t\t\tstyle=\"background-image: url( http:\/\/werft.nauticalfiction.net\/wp-content\/uploads\/2026\/01\/Beitragsbild-Schooner-Sloop-in-Galerie-BB-272x182.jpg )\"\n\t\t\t\t\taria-labelledby=\"sow-carousel-id-5401\"\n\t\t\t\t\ttabindex=\"-1\"\n\t\t\t\t>\n\t\t\t\t\t<span class=\"overlay\"><\/span>\n\t\t\t\t<\/a>\n\t\t\t\t\t<\/div>\n\t\t<h3 class=\"sow-carousel-item-title\">\n\t\t\t<a\n\t\t\t\thref=\"http:\/\/werft.nauticalfiction.net\/de\/28-01-2026-kriegsbrigg-in-der-galerie\/\"\n\t\t\t\tid=\"sow-carousel-id-5401\"\n\t\t\t\t\t\t\t\ttabindex=\"-1\"\n\t\t\t>\n\n\t\t\t\t31.01.2026 Navy Schoner voraus\t\t\t<\/a>\n\t\t<\/h3>\n\t<\/div>\n\t\t<div class=\"sow-carousel-item\" tabindex=\"-1\" style=\"float: left;\">\n\t\t<div class=\"sow-carousel-thumbnail\">\n\t\t\t\t\t\t\t<a\n\t\t\t\t\thref=\"http:\/\/werft.nauticalfiction.net\/de\/10-01-2026-ship-sloop-in-der-galerie\/\"\n\t\t\t\t\t\t\t\t\t\tstyle=\"background-image: url( http:\/\/werft.nauticalfiction.net\/wp-content\/uploads\/2026\/01\/Beitragsbild-Brig-Sloop-in-Galerie-BB-272x182.jpg )\"\n\t\t\t\t\taria-labelledby=\"sow-carousel-id-5378\"\n\t\t\t\t\ttabindex=\"-1\"\n\t\t\t\t>\n\t\t\t\t\t<span class=\"overlay\"><\/span>\n\t\t\t\t<\/a>\n\t\t\t\t\t<\/div>\n\t\t<h3 class=\"sow-carousel-item-title\">\n\t\t\t<a\n\t\t\t\thref=\"http:\/\/werft.nauticalfiction.net\/de\/10-01-2026-ship-sloop-in-der-galerie\/\"\n\t\t\t\tid=\"sow-carousel-id-5378\"\n\t\t\t\t\t\t\t\ttabindex=\"-1\"\n\t\t\t>\n\n\t\t\t\t28.01.2026 Kriegsbrigg in der Galerie\t\t\t<\/a>\n\t\t<\/h3>\n\t<\/div>\n\t\t<div class=\"sow-carousel-item\" tabindex=\"-1\" style=\"float: left;\">\n\t\t<div class=\"sow-carousel-thumbnail\">\n\t\t\t\t\t\t\t<a\n\t\t\t\t\thref=\"http:\/\/werft.nauticalfiction.net\/de\/13-01-2026-platz-5-fuer-murmeli\/\"\n\t\t\t\t\t\t\t\t\t\tstyle=\"background-image: url( http:\/\/werft.nauticalfiction.net\/wp-content\/uploads\/2026\/01\/Beitragsbild-06-Dracula-FR-282-Aufrufe-BB-272x182.jpg )\"\n\t\t\t\t\taria-labelledby=\"sow-carousel-id-5368\"\n\t\t\t\t\ttabindex=\"-1\"\n\t\t\t\t>\n\t\t\t\t\t<span class=\"overlay\"><\/span>\n\t\t\t\t<\/a>\n\t\t\t\t\t<\/div>\n\t\t<h3 class=\"sow-carousel-item-title\">\n\t\t\t<a\n\t\t\t\thref=\"http:\/\/werft.nauticalfiction.net\/de\/13-01-2026-platz-5-fuer-murmeli\/\"\n\t\t\t\tid=\"sow-carousel-id-5368\"\n\t\t\t\t\t\t\t\ttabindex=\"-1\"\n\t\t\t>\n\n\t\t\t\t24.01.2026 Ein Blick aufs Murmeli\t\t\t<\/a>\n\t\t<\/h3>\n\t<\/div>\n\t\t<div class=\"sow-carousel-item\" tabindex=\"-1\" style=\"float: left;\">\n\t\t<div class=\"sow-carousel-thumbnail\">\n\t\t\t\t\t\t\t<a\n\t\t\t\t\thref=\"http:\/\/werft.nauticalfiction.net\/de\/07-01-2026-back-to-action\/\"\n\t\t\t\t\t\t\t\t\t\tstyle=\"background-image: url( http:\/\/werft.nauticalfiction.net\/wp-content\/uploads\/2026\/01\/Beitragsbild-06-Dracula-FR-Platz-5-BB-272x182.jpg )\"\n\t\t\t\t\taria-labelledby=\"sow-carousel-id-5357\"\n\t\t\t\t\ttabindex=\"-1\"\n\t\t\t\t>\n\t\t\t\t\t<span class=\"overlay\"><\/span>\n\t\t\t\t<\/a>\n\t\t\t\t\t<\/div>\n\t\t<h3 class=\"sow-carousel-item-title\">\n\t\t\t<a\n\t\t\t\thref=\"http:\/\/werft.nauticalfiction.net\/de\/07-01-2026-back-to-action\/\"\n\t\t\t\tid=\"sow-carousel-id-5357\"\n\t\t\t\t\t\t\t\ttabindex=\"-1\"\n\t\t\t>\n\n\t\t\t\t13.01.2026 Platz 5 f\u00fcr Murmeli\t\t\t<\/a>\n\t\t<\/h3>\n\t<\/div>\n\t\t<div class=\"sow-carousel-item\" tabindex=\"-1\" style=\"float: left;\">\n\t\t<div class=\"sow-carousel-thumbnail\">\n\t\t\t\t\t\t\t<a\n\t\t\t\t\thref=\"http:\/\/werft.nauticalfiction.net\/de\/13-08-2025-neue-galerie-online-2\/\"\n\t\t\t\t\t\t\t\t\t\tstyle=\"background-image: url( http:\/\/werft.nauticalfiction.net\/wp-content\/uploads\/2026\/01\/Beitragsbild-Ship-Sloop-in-Galerie-BB-272x182.jpg )\"\n\t\t\t\t\taria-labelledby=\"sow-carousel-id-5347\"\n\t\t\t\t\ttabindex=\"-1\"\n\t\t\t\t>\n\t\t\t\t\t<span class=\"overlay\"><\/span>\n\t\t\t\t<\/a>\n\t\t\t\t\t<\/div>\n\t\t<h3 class=\"sow-carousel-item-title\">\n\t\t\t<a\n\t\t\t\thref=\"http:\/\/werft.nauticalfiction.net\/de\/13-08-2025-neue-galerie-online-2\/\"\n\t\t\t\tid=\"sow-carousel-id-5347\"\n\t\t\t\t\t\t\t\ttabindex=\"-1\"\n\t\t\t>\n\n\t\t\t\t10.01.2026 Ship-Sloop in der Galerie\t\t\t<\/a>\n\t\t<\/h3>\n\t<\/div>\n\t\t<div class=\"sow-carousel-item\" tabindex=\"-1\" style=\"float: left;\">\n\t\t<div class=\"sow-carousel-thumbnail\">\n\t\t\t\t\t\t\t<a\n\t\t\t\t\thref=\"http:\/\/werft.nauticalfiction.net\/de\/17-12-2025-kurzes-update\/\"\n\t\t\t\t\t\t\t\t\t\tstyle=\"background-image: url( http:\/\/werft.nauticalfiction.net\/wp-content\/uploads\/2019\/09\/Commodores-Log-BB.jpg )\"\n\t\t\t\t\taria-labelledby=\"sow-carousel-id-5329\"\n\t\t\t\t\ttabindex=\"-1\"\n\t\t\t\t>\n\t\t\t\t\t<span class=\"overlay\"><\/span>\n\t\t\t\t<\/a>\n\t\t\t\t\t<\/div>\n\t\t<h3 class=\"sow-carousel-item-title\">\n\t\t\t<a\n\t\t\t\thref=\"http:\/\/werft.nauticalfiction.net\/de\/17-12-2025-kurzes-update\/\"\n\t\t\t\tid=\"sow-carousel-id-5329\"\n\t\t\t\t\t\t\t\ttabindex=\"-1\"\n\t\t\t>\n\n\t\t\t\t07.01.2026 Zur\u00fcck aus der Pause\t\t\t<\/a>\n\t\t<\/h3>\n\t<\/div>\n\t\t\t<\/div>\n\t\t\t<\/div>\n\n\t<\/div>\n\t\t<input type=\"hidden\" name=\"instance_hash\" value=\"44357fe8\"\/>\n\t<\/div>\n<\/div>\n\n<style>.wp-block-kadence-spacer.kt-block-spacer-3329_4869a9-7c .kt-block-spacer{height:30px;}.wp-block-kadence-spacer.kt-block-spacer-3329_4869a9-7c .kt-divider{border-top-width:1px;height:1px;border-top-color:#eee;width:80%;border-top-style:solid;}<\/style>\n<div class=\"wp-block-kadence-spacer aligncenter kt-block-spacer-3329_4869a9-7c\"><div class=\"kt-block-spacer kt-block-spacer-halign-center\"><hr class=\"kt-divider\"\/><\/div><\/div>\n\n\n\n<figure class=\"wp-block-image size-full\"><a href=\"https:\/\/www.ebay.de\/usr\/marmota007\" target=\"_blank\" rel=\" noreferrer noopener\"><img loading=\"lazy\" decoding=\"async\" width=\"767\" height=\"261\" src=\"http:\/\/www.nauticalfiction.net\/wp-content\/uploads\/2024\/08\/Murmi-Banner-Sammlungsaufloesung.png\" alt=\"\" class=\"wp-image-3710\" srcset=\"http:\/\/werft.nauticalfiction.net\/wp-content\/uploads\/2024\/08\/Murmi-Banner-Sammlungsaufloesung.png 767w, http:\/\/werft.nauticalfiction.net\/wp-content\/uploads\/2024\/08\/Murmi-Banner-Sammlungsaufloesung-300x102.png 300w\" sizes=\"auto, (max-width: 767px) 100vw, 767px\" \/><\/a><\/figure>\n\n\n\n<p>Interesse? &#8211; Klick ins Bild!<\/p>\n\n\n<style>.wp-block-kadence-spacer.kt-block-spacer-3329_0cd616-b0 .kt-block-spacer{height:30px;}.wp-block-kadence-spacer.kt-block-spacer-3329_0cd616-b0 .kt-divider{border-top-width:1px;height:1px;border-top-color:#eee;width:80%;border-top-style:solid;}<\/style>\n<div class=\"wp-block-kadence-spacer aligncenter kt-block-spacer-3329_0cd616-b0\"><div class=\"kt-block-spacer kt-block-spacer-halign-center\"><hr class=\"kt-divider\"\/><\/div><\/div>\n\n\n\n<div class=\"wp-block-group\"><div class=\"wp-block-group__inner-container is-layout-flow wp-block-group-is-layout-flow\">\n<h3 class=\"wp-block-heading\">Aktuelle Ver\u00f6ffentlichungen<\/h3>\n\n\n<style>.kb-posts-id-3329_93385c-88 .kb-post-list-item{display:grid;}<\/style><ul class=\"wp-block-kadence-posts kb-posts kadence-posts-list kb-posts-id-3329_93385c-88 content-wrap grid-cols kb-posts-style-boxed grid-sm-col-2 grid-lg-col-3 item-image-style-above\"><li class=\"kb-post-list-item\">\n\t<article class=\"entry content-bg loop-entry post-5133 post type-post status-publish format-standard has-post-thumbnail hentry category-murmeli-strips category-comics category-publikationen\">\n\t\t\t\t<a aria-hidden=\"true\" tabindex=\"-1\" role=\"presentation\" class=\"post-thumbnail kadence-thumbnail-ratio-4-3\" href=\"http:\/\/werft.nauticalfiction.net\/de\/mottis-dracula\/\" aria-label=\"Dracula &#8211; Version Motti\">\n\t\t\t<div class=\"post-thumbnail-inner\">\n\t\t\t\t<img loading=\"lazy\" decoding=\"async\" width=\"283\" height=\"407\" src=\"http:\/\/werft.nauticalfiction.net\/wp-content\/uploads\/2025\/07\/Motti-06-Teaser-FR.jpg\" class=\"attachment-full size-full wp-post-image\" alt=\"Dracula &#8211; Version Motti\" srcset=\"http:\/\/werft.nauticalfiction.net\/wp-content\/uploads\/2025\/07\/Motti-06-Teaser-FR.jpg 283w, http:\/\/werft.nauticalfiction.net\/wp-content\/uploads\/2025\/07\/Motti-06-Teaser-FR-209x300.jpg 209w\" sizes=\"auto, (max-width: 283px) 100vw, 283px\" \/>\t\t\t<\/div>\n\t\t<\/a><!-- .post-thumbnail -->\n\t\t\t\t<div class=\"entry-content-wrap\">\n\t\t\t<header class=\"entry-header\">\n\t<h5 class=\"entry-title\"><a href=\"http:\/\/werft.nauticalfiction.net\/de\/mottis-dracula\/\" rel=\"bookmark\">Dracula &#8211; Version Motti<\/a><\/h5><\/header><!-- .entry-header -->\n<footer class=\"entry-footer\">\n\t<\/footer><!-- .entry-footer -->\t\t<\/div>\n\t<\/article>\n<\/li>\n<li class=\"kb-post-list-item\">\n\t<article class=\"entry content-bg loop-entry post-4809 post type-post status-publish format-standard has-post-thumbnail hentry category-murmeli-strips category-publikationen category-comics\">\n\t\t\t\t<a aria-hidden=\"true\" tabindex=\"-1\" role=\"presentation\" class=\"post-thumbnail kadence-thumbnail-ratio-4-3\" href=\"http:\/\/werft.nauticalfiction.net\/de\/murmelis-dracula\/\" aria-label=\"Mottis Dracula\">\n\t\t\t<div class=\"post-thumbnail-inner\">\n\t\t\t\t<img loading=\"lazy\" decoding=\"async\" width=\"283\" height=\"407\" src=\"http:\/\/werft.nauticalfiction.net\/wp-content\/uploads\/2025\/07\/Motti-06-Teaser-EN.jpg\" class=\"attachment-full size-full wp-post-image\" alt=\"Mottis Dracula\" srcset=\"http:\/\/werft.nauticalfiction.net\/wp-content\/uploads\/2025\/07\/Motti-06-Teaser-EN.jpg 283w, http:\/\/werft.nauticalfiction.net\/wp-content\/uploads\/2025\/07\/Motti-06-Teaser-EN-209x300.jpg 209w\" sizes=\"auto, (max-width: 283px) 100vw, 283px\" \/>\t\t\t<\/div>\n\t\t<\/a><!-- .post-thumbnail -->\n\t\t\t\t<div class=\"entry-content-wrap\">\n\t\t\t<header class=\"entry-header\">\n\t<h5 class=\"entry-title\"><a href=\"http:\/\/werft.nauticalfiction.net\/de\/murmelis-dracula\/\" rel=\"bookmark\">Mottis Dracula<\/a><\/h5><\/header><!-- .entry-header -->\n<footer class=\"entry-footer\">\n\t<\/footer><!-- .entry-footer -->\t\t<\/div>\n\t<\/article>\n<\/li>\n<li class=\"kb-post-list-item\">\n\t<article class=\"entry content-bg loop-entry post-4576 post type-post status-publish format-standard has-post-thumbnail hentry category-zeichnungsmappen category-publikationen\">\n\t\t\t\t<a aria-hidden=\"true\" tabindex=\"-1\" role=\"presentation\" class=\"post-thumbnail kadence-thumbnail-ratio-4-3\" href=\"http:\/\/werft.nauticalfiction.net\/de\/quincey-howard-die-pruefung\/\" aria-label=\"Quincey Howard &#8211; Korsaren greifen an\">\n\t\t\t<div class=\"post-thumbnail-inner\">\n\t\t\t\t<img loading=\"lazy\" decoding=\"async\" width=\"310\" height=\"438\" src=\"http:\/\/werft.nauticalfiction.net\/wp-content\/uploads\/2025\/07\/Titel-QH-Archiv-1-a-EN-ILL-Kopie.jpeg\" class=\"attachment-full size-full wp-post-image\" alt=\"Quincey Howard &#8211; Korsaren greifen an\" srcset=\"http:\/\/werft.nauticalfiction.net\/wp-content\/uploads\/2025\/07\/Titel-QH-Archiv-1-a-EN-ILL-Kopie.jpeg 310w, http:\/\/werft.nauticalfiction.net\/wp-content\/uploads\/2025\/07\/Titel-QH-Archiv-1-a-EN-ILL-Kopie-212x300.jpeg 212w\" sizes=\"auto, (max-width: 310px) 100vw, 310px\" \/>\t\t\t<\/div>\n\t\t<\/a><!-- .post-thumbnail -->\n\t\t\t\t<div class=\"entry-content-wrap\">\n\t\t\t<header class=\"entry-header\">\n\t<h5 class=\"entry-title\"><a href=\"http:\/\/werft.nauticalfiction.net\/de\/quincey-howard-die-pruefung\/\" rel=\"bookmark\">Quincey Howard &#8211; Korsaren greifen an<\/a><\/h5><\/header><!-- .entry-header -->\n<footer class=\"entry-footer\">\n\t<\/footer><!-- .entry-footer -->\t\t<\/div>\n\t<\/article>\n<\/li>\n<\/ul><\/div><\/div>\n<\/div>\n<\/div>\n","protected":false},"excerpt":{"rendered":"<p>Willkommen NauticalFiction, Seefahrergeschichten. Fenster in eine faszinierende Welt voller Weite und Abenteuer. Schon fr\u00fch, mit meinem ersten Piratenfilm im Fernsehen, hat mich diese Welt in ihren Bann gezogen. Diesem ersten Film folgten Weitere, ebenso wie B\u00fccher und Comics. Da ich &hellip; <a href=\"http:\/\/werft.nauticalfiction.net\/de\/\">Weiterlesen<\/a><\/p>\n","protected":false},"author":1,"featured_media":0,"parent":0,"menu_order":0,"comment_status":"closed","ping_status":"closed","template":"","meta":{"kt_blocks_editor_width":"","_themeisle_gutenberg_block_has_review":false,"footnotes":""},"folder":[],"class_list":["post-3329","page","type-page","status-publish","hentry"],"_links":{"self":[{"href":"http:\/\/werft.nauticalfiction.net\/de\/wp-json\/wp\/v2\/pages\/3329","targetHints":{"allow":["GET"]}}],"collection":[{"href":"http:\/\/werft.nauticalfiction.net\/de\/wp-json\/wp\/v2\/pages"}],"about":[{"href":"http:\/\/werft.nauticalfiction.net\/de\/wp-json\/wp\/v2\/types\/page"}],"author":[{"embeddable":true,"href":"http:\/\/werft.nauticalfiction.net\/de\/wp-json\/wp\/v2\/users\/1"}],"replies":[{"embeddable":true,"href":"http:\/\/werft.nauticalfiction.net\/de\/wp-json\/wp\/v2\/comments?post=3329"}],"version-history":[{"count":105,"href":"http:\/\/werft.nauticalfiction.net\/de\/wp-json\/wp\/v2\/pages\/3329\/revisions"}],"predecessor-version":[{"id":4313,"href":"http:\/\/werft.nauticalfiction.net\/de\/wp-json\/wp\/v2\/pages\/3329\/revisions\/4313"}],"wp:attachment":[{"href":"http:\/\/werft.nauticalfiction.net\/de\/wp-json\/wp\/v2\/media?parent=3329"}],"wp:term":[{"taxonomy":"folder","embeddable":true,"href":"http:\/\/werft.nauticalfiction.net\/de\/wp-json\/wp\/v2\/folder?post=3329"}],"curies":[{"name":"wp","href":"https:\/\/api.w.org\/{rel}","templated":true}]}}