{"id":2345,"date":"2020-08-28T14:52:44","date_gmt":"2020-08-28T14:52:44","guid":{"rendered":"http:\/\/werft.nauticalfiction.net\/de\/?page_id=2345"},"modified":"2020-08-28T15:26:21","modified_gmt":"2020-08-28T15:26:21","slug":"inside-nauticalfiction","status":"publish","type":"page","link":"http:\/\/werft.nauticalfiction.net\/de\/inside-nauticalfiction\/","title":{"rendered":"Inside NauticalFiction"},"content":{"rendered":"\n<h3 class=\"wp-block-heading\">Inside NauticalFiction<\/h3>\n\n\n\n<p>Der Titel verr\u00e4t, da\u00df es hier, zumindest langfristig, mehr geben wird, als den Direktzugang zu den Logb\u00fcchern.<\/p>\n\n\n\n<p>Aber auch der wird komfortabler. Ihr k\u00f6nnt die Eintr\u00e4ge des Commodores Log und der Projektlogs jetzt getrennt aufrufen.<\/p>\n\n\n\n<p>Au\u00dferdem hat hier jetzt das Zeichnungsarchiv seinen Platz. Dort k\u00f6nnt ihr sehen, wie meine Comics vor der Aufbereitung aussahen.<\/p>\n\n\n\n<p>Sp\u00e4ter, wenn Zeit ist, gibt es auch Gedanken \u00fcber meine Arbeit und Einblicke in die Produktion von Quincey Howards Abenteuern.<\/p>\n","protected":false},"excerpt":{"rendered":"<p>Inside NauticalFiction Der Titel verr\u00e4t, da\u00df es hier, zumindest langfristig, mehr geben wird, als den Direktzugang zu den Logb\u00fcchern. Aber auch der wird komfortabler. Ihr k\u00f6nnt die Eintr\u00e4ge des Commodores Log und der Projektlogs jetzt getrennt aufrufen. Au\u00dferdem hat hier &hellip; <a href=\"http:\/\/werft.nauticalfiction.net\/de\/inside-nauticalfiction\/\">Weiterlesen<\/a><\/p>\n","protected":false},"author":1,"featured_media":0,"parent":0,"menu_order":5,"comment_status":"closed","ping_status":"closed","template":"","meta":{"kt_blocks_editor_width":"","_themeisle_gutenberg_block_has_review":false,"footnotes":""},"folder":[],"class_list":["post-2345","page","type-page","status-publish","hentry"],"_links":{"self":[{"href":"http:\/\/werft.nauticalfiction.net\/de\/wp-json\/wp\/v2\/pages\/2345","targetHints":{"allow":["GET"]}}],"collection":[{"href":"http:\/\/werft.nauticalfiction.net\/de\/wp-json\/wp\/v2\/pages"}],"about":[{"href":"http:\/\/werft.nauticalfiction.net\/de\/wp-json\/wp\/v2\/types\/page"}],"author":[{"embeddable":true,"href":"http:\/\/werft.nauticalfiction.net\/de\/wp-json\/wp\/v2\/users\/1"}],"replies":[{"embeddable":true,"href":"http:\/\/werft.nauticalfiction.net\/de\/wp-json\/wp\/v2\/comments?post=2345"}],"version-history":[{"count":2,"href":"http:\/\/werft.nauticalfiction.net\/de\/wp-json\/wp\/v2\/pages\/2345\/revisions"}],"predecessor-version":[{"id":2347,"href":"http:\/\/werft.nauticalfiction.net\/de\/wp-json\/wp\/v2\/pages\/2345\/revisions\/2347"}],"wp:attachment":[{"href":"http:\/\/werft.nauticalfiction.net\/de\/wp-json\/wp\/v2\/media?parent=2345"}],"wp:term":[{"taxonomy":"folder","embeddable":true,"href":"http:\/\/werft.nauticalfiction.net\/de\/wp-json\/wp\/v2\/folder?post=2345"}],"curies":[{"name":"wp","href":"https:\/\/api.w.org\/{rel}","templated":true}]}}