{"id":1942,"date":"2020-08-04T15:29:42","date_gmt":"2020-08-04T15:29:42","guid":{"rendered":"http:\/\/werft.nauticalfiction.net\/de\/?page_id=1942"},"modified":"2025-10-17T13:58:01","modified_gmt":"2025-10-17T13:58:01","slug":"comics","status":"publish","type":"page","link":"http:\/\/werft.nauticalfiction.net\/de\/comics\/","title":{"rendered":"Comics"},"content":{"rendered":"\n<div style=\"height:40px\" aria-hidden=\"true\" class=\"wp-block-spacer\"><\/div>\n\n\n\n<p class=\"has-drop-cap\">In den fr\u00fchen 70er Jahre hat sich meine Phantasie erstmals in Comicabenteuern nieder geschlagen. So kam dann 1976 Quincey Howard, mein erster eigener Seeheld, auch in einem Comic an Deck. <\/p>\n\n\n\n<p>Ende 2016 habe ich dann seine Abenteuer ausgew\u00e4hlt, um nach langer Pause, den Rahmen f\u00fcr einen kreativen Neuanfang zu schaffen.<\/p>\n\n\n\n<p>Und es hat geklappt. Nach dem reinen Aufbereiten seiner beiden ersten Abenteuer mit Farbe und Layout, konnte ich bei der unvollendeten Geschichte &#8222;Geiseln der Berber \/ Mission Barbary Coast&#8220; den Faden wieder aufnehmen. So enth\u00e4lt der Vierte Teil meine erste neue Comic-Seite nach fast 30 Jahren.<\/p>\n\n\n\n<p>Die fertig aufbereiteten Geschichten k\u00f6nnt ihr hier auf NauticalFiction.net &#8222;am St\u00fcck\u201c als PDF lesen. Die Geschichten in Aufbereitung erscheinen immer, so wie ich zwei Seiten fertig habe, als Fortsetzung im Portal myComics.de<\/p>\n\n\n\n<div class=\"wp-block-columns is-layout-flex wp-container-core-columns-is-layout-9d6595d7 wp-block-columns-is-layout-flex\">\n<div class=\"wp-block-column is-layout-flow wp-block-column-is-layout-flow\">\n<h2 class=\"wp-block-heading\">Comics:<\/h2>\n\n\n\n<h3 class=\"wp-block-heading\">Abgeschlossen als PDF<\/h3>\n\n\n\n<div class=\"wp-block-columns is-layout-flex wp-container-core-columns-is-layout-9d6595d7 wp-block-columns-is-layout-flex\">\n<div class=\"wp-block-column is-layout-flow wp-block-column-is-layout-flow\"><div class=\"wp-block-image\">\n<figure class=\"aligncenter size-large\"><a href=\"http:\/\/www.nauticalfiction.net\/de\/quincey-howard-rn-korsaren-greifen-an\/\"><img decoding=\"async\" src=\"http:\/\/www.nauticalfiction.net\/wp-content\/uploads\/2020\/05\/QH-Korsaren-00-T-micro.jpg\" alt=\"\"\/><\/a><figcaption class=\"wp-element-caption\">&#8222;Korsaren greifen an&#8220;<\/figcaption><\/figure>\n<\/div><\/div>\n\n\n\n<div class=\"wp-block-column is-layout-flow wp-block-column-is-layout-flow\"><div class=\"wp-block-image\">\n<figure class=\"aligncenter size-large\"><a href=\"http:\/\/www.nauticalfiction.net\/de\/quincey-howard-rn-die-pruefung\"><img decoding=\"async\" src=\"http:\/\/www.nauticalfiction.net\/wp-content\/uploads\/2020\/05\/QH-Pru\u0308fung-Teaser.jpg\" alt=\"\"\/><\/a><figcaption class=\"wp-element-caption\">&#8222;Die Pr\u00fcfung&#8220;<\/figcaption><\/figure>\n<\/div><\/div>\n\n\n\n<div class=\"wp-block-column is-layout-flow wp-block-column-is-layout-flow\"><\/div>\n<\/div>\n\n\n<style>.wp-block-kadence-advancedbtn.kb-btns1942_63ceb9-27{gap:var(--global-kb-gap-xs, 0.5rem );justify-content:center;align-items:center;}.kt-btns1942_63ceb9-27 .kt-button{font-weight:normal;font-style:normal;}<\/style>\n<div class=\"wp-block-kadence-advancedbtn kb-buttons-wrap kb-btns1942_63ceb9-27\"><style>.wp-block-kadence-advancedbtn .kb-btn1942_8bfc39-ca.kb-button, ul.menu .wp-block-kadence-advancedbtn .kb-btn1942_8bfc39-ca.kb-button{width:209px;}.wp-block-kadence-advancedbtn .kb-btn1942_8bfc39-ca.kb-button{color:#fdfafc;background:#593633;border-top-left-radius:15px;border-top-right-radius:15px;border-bottom-right-radius:15px;border-bottom-left-radius:15px;border-top:0px solid #555555;border-right:0px solid #555555;border-bottom:0px solid #555555;border-left:0px solid #555555;}.wp-block-kadence-advancedbtn .kb-btn1942_8bfc39-ca.kb-button:hover, .wp-block-kadence-advancedbtn .kb-btn1942_8bfc39-ca.kb-button:focus{color:#ffffff;background:#444444;border-top-color:#444444;border-top-style:solid;border-right-color:#444444;border-right-style:solid;border-bottom-color:#444444;border-bottom-style:solid;border-left-color:#444444;border-left-style:solid;}@media all and (max-width: 1024px){.wp-block-kadence-advancedbtn .kb-btn1942_8bfc39-ca.kb-button{border-top:0px solid #555555;border-right:0px solid #555555;border-bottom:0px solid #555555;border-left:0px solid #555555;}}@media all and (max-width: 1024px){.wp-block-kadence-advancedbtn .kb-btn1942_8bfc39-ca.kb-button:hover, .wp-block-kadence-advancedbtn .kb-btn1942_8bfc39-ca.kb-button:focus{border-top-color:#444444;border-top-style:solid;border-right-color:#444444;border-right-style:solid;border-bottom-color:#444444;border-bottom-style:solid;border-left-color:#444444;border-left-style:solid;}}@media all and (max-width: 767px){.wp-block-kadence-advancedbtn .kb-btn1942_8bfc39-ca.kb-button{border-top:0px solid #555555;border-right:0px solid #555555;border-bottom:0px solid #555555;border-left:0px solid #555555;}.wp-block-kadence-advancedbtn .kb-btn1942_8bfc39-ca.kb-button:hover, .wp-block-kadence-advancedbtn .kb-btn1942_8bfc39-ca.kb-button:focus{border-top-color:#444444;border-top-style:solid;border-right-color:#444444;border-right-style:solid;border-bottom-color:#444444;border-bottom-style:solid;border-left-color:#444444;border-left-style:solid;}}<\/style><a class=\"kb-button kt-button button kb-btn1942_8bfc39-ca kt-btn-size-standard kt-btn-width-type-fixed kb-btn-global-fill  kt-btn-has-text-true kt-btn-has-svg-false  wp-block-kadence-singlebtn\" href=\"http:\/\/www.nauticalfiction.net\/de\/comics-alt\/comics-abgeschlossen\/\"><span class=\"kt-btn-inner-text\">Abgeschlossene Comics<\/span><\/a><\/div>\n\n\n\n<div style=\"height:30px\" aria-hidden=\"true\" class=\"wp-block-spacer\"><\/div>\n\n\n\n<h3 class=\"wp-block-heading\">In Fortsetzungen auf myComics.de<\/h3>\n\n\n\n<div class=\"wp-block-columns is-layout-flex wp-container-core-columns-is-layout-9d6595d7 wp-block-columns-is-layout-flex\">\n<div class=\"wp-block-column is-layout-flow wp-block-column-is-layout-flow\"><div class=\"wp-block-image\">\n<figure class=\"aligncenter size-full\"><img loading=\"lazy\" decoding=\"async\" width=\"542\" height=\"767\" src=\"http:\/\/www.nauticalfiction.net\/wp-content\/uploads\/2021\/08\/Battleship-0102-T-DE-ILL.jpg\" alt=\"\" class=\"wp-image-2876\" srcset=\"http:\/\/werft.nauticalfiction.net\/wp-content\/uploads\/2021\/08\/Battleship-0102-T-DE-ILL.jpg 542w, http:\/\/werft.nauticalfiction.net\/wp-content\/uploads\/2021\/08\/Battleship-0102-T-DE-ILL-212x300.jpg 212w\" sizes=\"(max-width: 542px) 100vw, 542px\" \/><figcaption class=\"wp-element-caption\">Ironimo&#8217;s Battleship 1\/4<\/figcaption><\/figure>\n<\/div><\/div>\n\n\n\n<div class=\"wp-block-column is-layout-flow wp-block-column-is-layout-flow\"><div class=\"wp-block-image\">\n<figure class=\"aligncenter size-large\"><a href=\"http:\/\/www.mycomics.de\/comic\/11711-die-geiseln-der-berber-teil-4.html\" target=\"_blank\" rel=\"noopener noreferrer\"><img decoding=\"async\" src=\"http:\/\/www.nauticalfiction.net\/wp-content\/uploads\/2020\/08\/QH-Berber-00T4-Illu.jpg\" alt=\"\"\/><\/a><figcaption class=\"wp-element-caption\">Geiseln der Berber &#8211; 4<\/figcaption><\/figure>\n<\/div><\/div>\n\n\n\n<div class=\"wp-block-column is-layout-flow wp-block-column-is-layout-flow\"><div class=\"wp-block-image\">\n<figure class=\"aligncenter size-large\"><a href=\"http:\/\/www.mycomics.de\/comic\/10354-die-geiseln-der-berber-teil-3.html\" target=\"_blank\" rel=\"noopener noreferrer\"><img decoding=\"async\" src=\"http:\/\/www.nauticalfiction.net\/wp-content\/uploads\/2020\/08\/QH-Berber-00T4-724x1024.jpg\" alt=\"\"\/><\/a><figcaption class=\"wp-element-caption\">Geiseln der Berber &#8211; 3<\/figcaption><\/figure>\n<\/div><\/div>\n<\/div>\n\n\n<style>.wp-block-kadence-advancedbtn.kb-btns1942_de3dc9-8f{gap:var(--global-kb-gap-xs, 0.5rem );justify-content:center;align-items:center;}.kt-btns1942_de3dc9-8f .kt-button{font-weight:normal;font-style:normal;}<\/style>\n<div class=\"wp-block-kadence-advancedbtn kb-buttons-wrap kb-btns1942_de3dc9-8f\"><style>.wp-block-kadence-advancedbtn .kb-btn1942_756ed0-bc.kb-button, ul.menu .wp-block-kadence-advancedbtn .kb-btn1942_756ed0-bc.kb-button{width:209px;}.wp-block-kadence-advancedbtn .kb-btn1942_756ed0-bc.kb-button{color:#fdfafc;background:#593633;border-top-left-radius:15px;border-top-right-radius:15px;border-bottom-right-radius:15px;border-bottom-left-radius:15px;border-top:0px solid #555555;border-right:0px solid #555555;border-bottom:0px solid #555555;border-left:0px solid #555555;}.wp-block-kadence-advancedbtn .kb-btn1942_756ed0-bc.kb-button:hover, .wp-block-kadence-advancedbtn .kb-btn1942_756ed0-bc.kb-button:focus{color:#ffffff;background:#444444;border-top-color:#444444;border-top-style:solid;border-right-color:#444444;border-right-style:solid;border-bottom-color:#444444;border-bottom-style:solid;border-left-color:#444444;border-left-style:solid;}@media all and (max-width: 1024px){.wp-block-kadence-advancedbtn .kb-btn1942_756ed0-bc.kb-button{border-top:0px solid #555555;border-right:0px solid #555555;border-bottom:0px solid #555555;border-left:0px solid #555555;}}@media all and (max-width: 1024px){.wp-block-kadence-advancedbtn .kb-btn1942_756ed0-bc.kb-button:hover, .wp-block-kadence-advancedbtn .kb-btn1942_756ed0-bc.kb-button:focus{border-top-color:#444444;border-top-style:solid;border-right-color:#444444;border-right-style:solid;border-bottom-color:#444444;border-bottom-style:solid;border-left-color:#444444;border-left-style:solid;}}@media all and (max-width: 767px){.wp-block-kadence-advancedbtn .kb-btn1942_756ed0-bc.kb-button{border-top:0px solid #555555;border-right:0px solid #555555;border-bottom:0px solid #555555;border-left:0px solid #555555;}.wp-block-kadence-advancedbtn .kb-btn1942_756ed0-bc.kb-button:hover, .wp-block-kadence-advancedbtn .kb-btn1942_756ed0-bc.kb-button:focus{border-top-color:#444444;border-top-style:solid;border-right-color:#444444;border-right-style:solid;border-bottom-color:#444444;border-bottom-style:solid;border-left-color:#444444;border-left-style:solid;}}<\/style><a class=\"kb-button kt-button button kb-btn1942_756ed0-bc kt-btn-size-standard kt-btn-width-type-fixed kb-btn-global-fill  kt-btn-has-text-true kt-btn-has-svg-false  wp-block-kadence-singlebtn\" href=\"http:\/\/www.nauticalfiction.net\/de\/comics-alt\/comics-fortsetzungen\/\"><span class=\"kt-btn-inner-text\">Alle Links<\/span><\/a><\/div>\n\n\n\n<div style=\"height:30px\" aria-hidden=\"true\" class=\"wp-block-spacer\"><\/div>\n\n\n\n<h3 class=\"wp-block-heading\">Neu auf myComics.de<\/h3>\n\n\n<div class=\"is-style-boxed wp-block-themeisle-blocks-posts-grid\" id=\"wp-block-themeisle-blocks-posts-grid-a4920d84\"><div class=\"is-grid o-posts-grid-columns-3\"><div class=\"o-posts-grid-post-blog o-posts-grid-post-plain\"><div class=\"o-posts-grid-post\"><div class=\"o-posts-grid-post-image\"><a href=\"http:\/\/werft.nauticalfiction.net\/de\/mottis-dracula\/\"><img loading=\"lazy\" decoding=\"async\" width=\"283\" height=\"407\" src=\"http:\/\/werft.nauticalfiction.net\/wp-content\/uploads\/2025\/07\/Motti-06-Teaser-FR.jpg\" class=\"attachment-full size-full\" alt=\"Dracula &#8211; Version Motti\" srcset=\"http:\/\/werft.nauticalfiction.net\/wp-content\/uploads\/2025\/07\/Motti-06-Teaser-FR.jpg 283w, http:\/\/werft.nauticalfiction.net\/wp-content\/uploads\/2025\/07\/Motti-06-Teaser-FR-209x300.jpg 209w\" sizes=\"(max-width: 283px) 100vw, 283px\" \/><\/a><\/div><div class=\"o-posts-grid-post-body\"><h4 class=\"o-posts-grid-post-title\"><a href=\"http:\/\/werft.nauticalfiction.net\/de\/mottis-dracula\/\">Dracula &#8211; Version Motti<\/a><\/h4><\/div><\/div><\/div><div class=\"o-posts-grid-post-blog o-posts-grid-post-plain\"><div class=\"o-posts-grid-post\"><div class=\"o-posts-grid-post-image\"><a href=\"http:\/\/werft.nauticalfiction.net\/de\/murmelis-dracula\/\"><img loading=\"lazy\" decoding=\"async\" width=\"283\" height=\"407\" src=\"http:\/\/werft.nauticalfiction.net\/wp-content\/uploads\/2025\/07\/Motti-06-Teaser-EN.jpg\" class=\"attachment-full size-full\" alt=\"Mottis Dracula\" srcset=\"http:\/\/werft.nauticalfiction.net\/wp-content\/uploads\/2025\/07\/Motti-06-Teaser-EN.jpg 283w, http:\/\/werft.nauticalfiction.net\/wp-content\/uploads\/2025\/07\/Motti-06-Teaser-EN-209x300.jpg 209w\" sizes=\"(max-width: 283px) 100vw, 283px\" \/><\/a><\/div><div class=\"o-posts-grid-post-body\"><h4 class=\"o-posts-grid-post-title\"><a href=\"http:\/\/werft.nauticalfiction.net\/de\/murmelis-dracula\/\">Mottis Dracula<\/a><\/h4><\/div><\/div><\/div><div class=\"o-posts-grid-post-blog o-posts-grid-post-plain\"><div class=\"o-posts-grid-post\"><div class=\"o-posts-grid-post-image\"><a href=\"http:\/\/werft.nauticalfiction.net\/de\/motti-la-fourrure-epaisse-de-motti-3\/\"><img loading=\"lazy\" decoding=\"async\" width=\"283\" height=\"407\" src=\"http:\/\/werft.nauticalfiction.net\/wp-content\/uploads\/2025\/07\/Murmeli-06-Teaser-DE.jpg\" class=\"attachment-full size-full\" alt=\"Murmelis Dracula\" srcset=\"http:\/\/werft.nauticalfiction.net\/wp-content\/uploads\/2025\/07\/Murmeli-06-Teaser-DE.jpg 283w, http:\/\/werft.nauticalfiction.net\/wp-content\/uploads\/2025\/07\/Murmeli-06-Teaser-DE-209x300.jpg 209w\" sizes=\"(max-width: 283px) 100vw, 283px\" \/><\/a><\/div><div class=\"o-posts-grid-post-body\"><h4 class=\"o-posts-grid-post-title\"><a href=\"http:\/\/werft.nauticalfiction.net\/de\/motti-la-fourrure-epaisse-de-motti-3\/\">Murmelis Dracula<\/a><\/h4><\/div><\/div><\/div><\/div> <\/div>\n\n<style>.wp-block-kadence-advancedbtn.kb-btns1942_7a7a8e-ff{gap:var(--global-kb-gap-xs, 0.5rem );justify-content:center;align-items:center;}.kt-btns1942_7a7a8e-ff .kt-button{font-weight:normal;font-style:normal;}<\/style>\n<div class=\"wp-block-kadence-advancedbtn kb-buttons-wrap kb-btns1942_7a7a8e-ff\"><style>.wp-block-kadence-advancedbtn .kb-btn1942_f44109-f8.kb-button, ul.menu .wp-block-kadence-advancedbtn .kb-btn1942_f44109-f8.kb-button{width:209px;}.wp-block-kadence-advancedbtn .kb-btn1942_f44109-f8.kb-button{color:#fdfafc;background:#593633;border-top-left-radius:15px;border-top-right-radius:15px;border-bottom-right-radius:15px;border-bottom-left-radius:15px;border-top:0px solid #555555;border-right:0px solid #555555;border-bottom:0px solid #555555;border-left:0px solid #555555;}.wp-block-kadence-advancedbtn .kb-btn1942_f44109-f8.kb-button:hover, .wp-block-kadence-advancedbtn .kb-btn1942_f44109-f8.kb-button:focus{color:#ffffff;background:#444444;border-top-color:#444444;border-top-style:solid;border-right-color:#444444;border-right-style:solid;border-bottom-color:#444444;border-bottom-style:solid;border-left-color:#444444;border-left-style:solid;}@media all and (max-width: 1024px){.wp-block-kadence-advancedbtn .kb-btn1942_f44109-f8.kb-button{border-top:0px solid #555555;border-right:0px solid #555555;border-bottom:0px solid #555555;border-left:0px solid #555555;}}@media all and (max-width: 1024px){.wp-block-kadence-advancedbtn .kb-btn1942_f44109-f8.kb-button:hover, .wp-block-kadence-advancedbtn .kb-btn1942_f44109-f8.kb-button:focus{border-top-color:#444444;border-top-style:solid;border-right-color:#444444;border-right-style:solid;border-bottom-color:#444444;border-bottom-style:solid;border-left-color:#444444;border-left-style:solid;}}@media all and (max-width: 767px){.wp-block-kadence-advancedbtn .kb-btn1942_f44109-f8.kb-button{border-top:0px solid #555555;border-right:0px solid #555555;border-bottom:0px solid #555555;border-left:0px solid #555555;}.wp-block-kadence-advancedbtn .kb-btn1942_f44109-f8.kb-button:hover, .wp-block-kadence-advancedbtn .kb-btn1942_f44109-f8.kb-button:focus{border-top-color:#444444;border-top-style:solid;border-right-color:#444444;border-right-style:solid;border-bottom-color:#444444;border-bottom-style:solid;border-left-color:#444444;border-left-style:solid;}}<\/style><a class=\"kb-button kt-button button kb-btn1942_f44109-f8 kt-btn-size-standard kt-btn-width-type-fixed kb-btn-global-fill  kt-btn-has-text-true kt-btn-has-svg-false  wp-block-kadence-singlebtn\" href=\"https:\/\/www.nauticalfiction.net\/de\/comics\/murmeli-comics\/\"><span class=\"kt-btn-inner-text\">Alle Links<\/span><\/a><\/div>\n<\/div>\n\n\n\n<div class=\"wp-block-column is-layout-flow wp-block-column-is-layout-flow\">\n<h2 class=\"wp-block-heading\">Figuren:<\/h2>\n\n\n\n<h3 class=\"wp-block-heading\">Quincey Howard R.N.<\/h3>\n\n\n\n<div class=\"wp-block-columns is-layout-flex wp-container-core-columns-is-layout-9d6595d7 wp-block-columns-is-layout-flex\">\n<div class=\"wp-block-column is-layout-flow wp-block-column-is-layout-flow\" style=\"flex-basis:33.33%\">\n<figure class=\"wp-block-image size-large is-style-rounded\"><img decoding=\"async\" src=\"http:\/\/www.nauticalfiction.net\/wp-content\/uploads\/2020\/08\/Seehelden-Falcon-h-Illu.jpg\" alt=\"\"\/><\/figure>\n<\/div>\n\n\n\n<div class=\"wp-block-column is-layout-flow wp-block-column-is-layout-flow\" style=\"flex-basis:66.66%\">\n<p>Begleitet die Laufbahn eines jungen britischen Seeoffiziers Ende des 18. Jahrhundets. Eine \u00fcberzeugend abgelegte Leutnantspr\u00fcfung, bringt Quincey Howard direkt den Posten des ersten Leutnants auf einer besonderen Mission. Unter der Flagge eines kontinentalen Verb\u00fcndeten soll die leichte Korvette <em>Falcon<\/em> Kaperkrieg gegen das revolution\u00e4re Frankreich f\u00fchren und den Gegner beobachten, noch bevor die Briten selbst in den Krieg eintreten.<\/p>\n<\/div>\n<\/div>\n\n\n\n<p><\/p>\n\n\n\n<div style=\"height:100px\" aria-hidden=\"true\" class=\"wp-block-spacer\"><\/div>\n\n\n\n<h3 class=\"wp-block-heading\">Lord Wharfair<\/h3>\n\n\n\n<div class=\"wp-block-columns is-layout-flex wp-container-core-columns-is-layout-9d6595d7 wp-block-columns-is-layout-flex\">\n<div class=\"wp-block-column is-layout-flow wp-block-column-is-layout-flow\" style=\"flex-basis:33.33%\">\n<figure class=\"wp-block-image size-large is-style-rounded\"><img decoding=\"async\" src=\"http:\/\/www.nauticalfiction.net\/wp-content\/uploads\/2020\/07\/Seehelden-Wharfair-h-Illu.jpg\" alt=\"\"\/><\/figure>\n<\/div>\n\n\n\n<div class=\"wp-block-column is-layout-flow wp-block-column-is-layout-flow\" style=\"flex-basis:66.66%\">\n<p>Es begann mit einem kleinen Kopf als Kritzelei in einem langweiligen Seminar. So ein klassisches blasiertes, gelangweiltes Gesicht der britschen Oberschicht. Dann die Idee: Was passiert, wenn so ein Mann den Schutz seines Clubs verlassen mu\u00df, um mit einem Kaperbrief in der Karibik Beute zu machen. Eine Idee, die \u00fcber Jahrzehnte immer mehr Gestalt annahm bis zum aktuellen Konzept einer Mini-Serie, auf die ich mich mit der Arbeit an Quincey Howard vorbereite<\/p>\n<\/div>\n<\/div>\n\n\n\n<div style=\"height:95px\" aria-hidden=\"true\" class=\"wp-block-spacer\"><\/div>\n\n\n\n<h3 class=\"wp-block-heading\">Murmeli &#038; Co<\/h3>\n\n\n\n<div class=\"wp-block-columns is-layout-flex wp-container-core-columns-is-layout-9d6595d7 wp-block-columns-is-layout-flex\">\n<div class=\"wp-block-column is-layout-flow wp-block-column-is-layout-flow\" style=\"flex-basis:33.33%\">\n<figure class=\"wp-block-image size-large is-style-rounded\"><img loading=\"lazy\" decoding=\"async\" width=\"1024\" height=\"579\" src=\"http:\/\/www.nauticalfiction.net\/wp-content\/uploads\/2025\/07\/Drei-im-Kreis-fuer-Comicseite-1024x579.png\" alt=\"\" class=\"wp-image-4503\" srcset=\"http:\/\/werft.nauticalfiction.net\/wp-content\/uploads\/2025\/07\/Drei-im-Kreis-fuer-Comicseite-1024x579.png 1024w, http:\/\/werft.nauticalfiction.net\/wp-content\/uploads\/2025\/07\/Drei-im-Kreis-fuer-Comicseite-300x170.png 300w, http:\/\/werft.nauticalfiction.net\/wp-content\/uploads\/2025\/07\/Drei-im-Kreis-fuer-Comicseite-768x434.png 768w, http:\/\/werft.nauticalfiction.net\/wp-content\/uploads\/2025\/07\/Drei-im-Kreis-fuer-Comicseite.png 1075w\" sizes=\"(max-width: 1024px) 100vw, 1024px\" \/><\/figure>\n<\/div>\n\n\n\n<div class=\"wp-block-column is-layout-flow wp-block-column-is-layout-flow\" style=\"flex-basis:66.66%\">\n<p>sind derzeit zu Gast hier auf NauticalFiction. Sie f\u00fcllen die L\u00fccke, die entstanden ist, weil ich die letzten Jahre nicht die Mu\u00dfe hatte, mich um die aufwendigen maritimen Projekte zu k\u00fcmmern. Denn um die kurzen Streiche aufzuarbeiten, findet sich immer etwas Zeit. Damit \u00fcberbr\u00fccke ich, hoffentlich kurzweilig, die Zeit, bis ich mich wieder mit gr\u00f6\u00dferen Projekten besch\u00e4ftigen kann. \ud83d\ude09<br><br><br><\/p>\n<\/div>\n<\/div>\n<\/div>\n<\/div>\n","protected":false},"excerpt":{"rendered":"<p>In den fr\u00fchen 70er Jahre hat sich meine Phantasie erstmals in Comicabenteuern nieder geschlagen. So kam dann 1976 Quincey Howard, mein erster eigener Seeheld, auch in einem Comic an Deck. Ende 2016 habe ich dann seine Abenteuer ausgew\u00e4hlt, um nach &hellip; <a href=\"http:\/\/werft.nauticalfiction.net\/de\/comics\/\">Weiterlesen<\/a><\/p>\n","protected":false},"author":1,"featured_media":0,"parent":0,"menu_order":2,"comment_status":"closed","ping_status":"closed","template":"","meta":{"kt_blocks_editor_width":"","_themeisle_gutenberg_block_has_review":false,"footnotes":""},"folder":[],"class_list":["post-1942","page","type-page","status-publish","hentry"],"_links":{"self":[{"href":"http:\/\/werft.nauticalfiction.net\/de\/wp-json\/wp\/v2\/pages\/1942","targetHints":{"allow":["GET"]}}],"collection":[{"href":"http:\/\/werft.nauticalfiction.net\/de\/wp-json\/wp\/v2\/pages"}],"about":[{"href":"http:\/\/werft.nauticalfiction.net\/de\/wp-json\/wp\/v2\/types\/page"}],"author":[{"embeddable":true,"href":"http:\/\/werft.nauticalfiction.net\/de\/wp-json\/wp\/v2\/users\/1"}],"replies":[{"embeddable":true,"href":"http:\/\/werft.nauticalfiction.net\/de\/wp-json\/wp\/v2\/comments?post=1942"}],"version-history":[{"count":104,"href":"http:\/\/werft.nauticalfiction.net\/de\/wp-json\/wp\/v2\/pages\/1942\/revisions"}],"predecessor-version":[{"id":4525,"href":"http:\/\/werft.nauticalfiction.net\/de\/wp-json\/wp\/v2\/pages\/1942\/revisions\/4525"}],"wp:attachment":[{"href":"http:\/\/werft.nauticalfiction.net\/de\/wp-json\/wp\/v2\/media?parent=1942"}],"wp:term":[{"taxonomy":"folder","embeddable":true,"href":"http:\/\/werft.nauticalfiction.net\/de\/wp-json\/wp\/v2\/folder?post=1942"}],"curies":[{"name":"wp","href":"https:\/\/api.w.org\/{rel}","templated":true}]}}