{"id":1890,"date":"2020-08-03T10:53:52","date_gmt":"2020-08-03T10:53:52","guid":{"rendered":"http:\/\/werft.nauticalfiction.net\/de\/?page_id=1890"},"modified":"2020-08-28T14:57:19","modified_gmt":"2020-08-28T14:57:19","slug":"geschichten","status":"publish","type":"page","link":"http:\/\/werft.nauticalfiction.net\/de\/geschichten\/","title":{"rendered":"Geschichten"},"content":{"rendered":"\n<div style=\"height:35px\" aria-hidden=\"true\" class=\"wp-block-spacer\"><\/div>\n\n\n\n<h2 class=\"wp-block-heading\"><\/h2>\n\n\n\n<p class=\"has-drop-cap\">Die ersten Geschichten um Quincey Howard habe ich als Comic zu Papier gebracht. Das Erz\u00e4hlen in Bildern \u2013 egal ob bewegt oder statisch \u2013 hat mich schon immer fasziniert.<\/p>\n\n\n\n<p>Anfang der 2000er folgte dann ein erster Versuch mit einer Geschichte in Textform. Meine \u201ekreative Wiederbelebung\u201c hat auch hier Wirkung gezeigt und ich konnte eine brandneue Erz\u00e4hlung zu Papier bringen. Sie wartet jetzt noch auf ihre Endbearbeitung, damit sie dann auf der \u00fcberarbeiteten NauticalFiction Website ihre Premiere feiern kann.<\/p>\n\n\n\n<p>Bis dahin bleibt die erste Erz\u00e4hlung hier weiter auf Position, auch wenn diese alte PDF-Version mal dringend zur \u00dcberholung in die Werft m\u00fc\u00dfte. \ud83d\ude09<\/p>\n\n\n\n<div style=\"height:50px\" aria-hidden=\"true\" class=\"wp-block-spacer\"><\/div>\n\n\n\n<p><\/p>\n","protected":false},"excerpt":{"rendered":"<p>Die ersten Geschichten um Quincey Howard habe ich als Comic zu Papier gebracht. Das Erz\u00e4hlen in Bildern \u2013 egal ob bewegt oder statisch \u2013 hat mich schon immer fasziniert. Anfang der 2000er folgte dann ein erster Versuch mit einer Geschichte &hellip; <a href=\"http:\/\/werft.nauticalfiction.net\/de\/geschichten\/\">Weiterlesen<\/a><\/p>\n","protected":false},"author":1,"featured_media":0,"parent":0,"menu_order":2,"comment_status":"closed","ping_status":"closed","template":"template-blog-grid.php","meta":{"kt_blocks_editor_width":"","_themeisle_gutenberg_block_has_review":false,"footnotes":""},"folder":[],"class_list":["post-1890","page","type-page","status-publish","hentry"],"_links":{"self":[{"href":"http:\/\/werft.nauticalfiction.net\/de\/wp-json\/wp\/v2\/pages\/1890","targetHints":{"allow":["GET"]}}],"collection":[{"href":"http:\/\/werft.nauticalfiction.net\/de\/wp-json\/wp\/v2\/pages"}],"about":[{"href":"http:\/\/werft.nauticalfiction.net\/de\/wp-json\/wp\/v2\/types\/page"}],"author":[{"embeddable":true,"href":"http:\/\/werft.nauticalfiction.net\/de\/wp-json\/wp\/v2\/users\/1"}],"replies":[{"embeddable":true,"href":"http:\/\/werft.nauticalfiction.net\/de\/wp-json\/wp\/v2\/comments?post=1890"}],"version-history":[{"count":18,"href":"http:\/\/werft.nauticalfiction.net\/de\/wp-json\/wp\/v2\/pages\/1890\/revisions"}],"predecessor-version":[{"id":2264,"href":"http:\/\/werft.nauticalfiction.net\/de\/wp-json\/wp\/v2\/pages\/1890\/revisions\/2264"}],"wp:attachment":[{"href":"http:\/\/werft.nauticalfiction.net\/de\/wp-json\/wp\/v2\/media?parent=1890"}],"wp:term":[{"taxonomy":"folder","embeddable":true,"href":"http:\/\/werft.nauticalfiction.net\/de\/wp-json\/wp\/v2\/folder?post=1890"}],"curies":[{"name":"wp","href":"https:\/\/api.w.org\/{rel}","templated":true}]}}